{"id":832,"date":"2020-09-29T11:02:51","date_gmt":"2020-09-29T11:02:51","guid":{"rendered":"http:\/\/terrasunsport.unimento.net\/?page_id=832"},"modified":"2020-11-14T11:21:58","modified_gmt":"2020-11-14T11:21:58","slug":"torrevieja","status":"publish","type":"page","link":"https:\/\/www.terrasun-sports.com\/es\/sedes-academia\/torrevieja\/","title":{"rendered":"Torrevieja"},"content":{"rendered":"\t<section class=\"section\" id=\"section_1571175624\">\n\t\t<div class=\"bg section-bg fill bg-fill  bg-loaded\" >\n\n\t\t\t\n\t\t\t\n\t\t\t\n\n\t\t<\/div>\n\n\t\t<div class=\"section-content relative\">\n\t\t\t\n<div class=\"row align-middle align-center\"  id=\"row-1809841367\">\n\n\t<div id=\"col-696679884\" class=\"col medium-6 small-12 large-6\"  >\n\t\t<div class=\"col-inner\"  >\n\t\t\t\n\t\t\t\n<h6 class=\"uppercase\">SEDES ACADEMIA<\/h6>\n<h2 style=\"font-size: 180%;\">Torrevieja, Alicante<\/h2>\n<p>La Ciudad Deportiva de Torrevieja cuenta con:<\/p>\n<ul>\n<li>4 campos de f\u00fatbol de C\u00e9sped artificial espec\u00edfico para deportistas.<\/li>\n<li>4 Campos de f\u00fatbol 11 o 6 de f\u00fatbol 7 polivalentes y perfectamente preparados para la rotaci\u00f3n de equipos y campeonatos o entrenamientos.<\/li>\n<li>Otros 2 campos de F\u00fatbol, uno de ellos de c\u00e9sped artificial y otro de c\u00e9sped natural.<\/li>\n<\/ul>\n\t\t<\/div>\n\t\t\n<style>\n#col-696679884 > .col-inner {\n  margin: 0px 0px 0px 0px;\n}\n<\/style>\n\t<\/div>\n\n\t\n\n\t<div id=\"col-1918003303\" class=\"col medium-6 small-12 large-6\"  >\n\t\t<div class=\"col-inner\"  >\n\t\t\t\n\t\t\t\n\n\t\t<\/div>\n\t\t\n<style>\n#col-1918003303 > .col-inner {\n  margin: 0px 0px 0pxc 0px;\n}\n<\/style>\n\t<\/div>\n\n\t\n<\/div>\n\t\t<\/div>\n\n\t\t\n<style>\n#section_1571175624 {\n  padding-top: 40px;\n  padding-bottom: 40px;\n}\n<\/style>\n\t<\/section>\n\t\n\t<section class=\"section dark\" id=\"section_178820275\">\n\t\t<div class=\"bg section-bg fill bg-fill  bg-loaded\" >\n\n\t\t\t\n\t\t\t\n\t\t\t\n\n\t\t<\/div>\n\n\t\t<div class=\"section-content relative\">\n\t\t\t\n<div class=\"row row-collapse align-center\"  id=\"row-75191681\">\n\n\t<div id=\"col-295404196\" class=\"col medium-7 small-10 large-6\"  >\n\t\t<div class=\"col-inner text-center\"  >\n\t\t\t\n\t\t\t\n<h2 style=\"font-size: 250%;\">Informaci\u00f3n y reserva<\/h2>\n<h4>Solicitar informaci\u00f3n ampliada.\u00a0<\/h4>\n<div class=\"forminator-ui forminator-custom-form forminator-custom-form-19 forminator-design--flat forminator-enclosed forminator_ajax\" data-forminator-render=\"0\" data-form=\"forminator-module-19\"><br\/><\/div><form\n\t\t\t\tid=\"forminator-module-19\"\n\t\t\t\tclass=\"forminator-ui forminator-custom-form forminator-custom-form-19 forminator-design--flat forminator-enclosed forminator_ajax\"\n\t\t\t\taction=\"\"\n\t\t\t\tmethod=\"post\"\n\t\t\t\tdata-forminator-render=\"0\"\n\t\t\t\tdata-form-id=\"19\"\n\t\t\t\t\n\t\t\t\tdata-design=\"flat\"\n\t\t\t\t\n\t\t\t\t\n\t\t\t\t\n\t\t\t\tdata-grid=\"enclosed\"\n\t\t\t\t\n\t\t\t\t\n\t\t\t\tstyle=\"display: none;\"\n\t\t\t><div class=\"forminator-response-message\" aria-hidden=\"true\"><\/div><div class=\"forminator-row\"><div id=\"name-1\" class=\"forminator-col forminator-col-4 \"><div class=\"forminator-field\"><input type=\"text\" name=\"name-1\" value=\"\" placeholder=\"Nombre y Apellidos\" id=\"forminator-field-name-1\" class=\"forminator-input forminator-name--field\" aria-required=\"true\" \/><\/div><\/div><div id=\"email-1\" class=\"forminator-col forminator-col-4 \"><div class=\"forminator-field\"><input type=\"email\" name=\"email-1\" value=\"\" placeholder=\"Email\" id=\"forminator-field-email-1\" class=\"forminator-input forminator-email--field\" data-required=\"true\" aria-required=\"true\" \/><\/div><\/div><div id=\"phone-1\" class=\"forminator-col forminator-col-4 \"><div class=\"forminator-field\"><input type=\"text\" name=\"phone-1\" value=\"\" placeholder=\"Tel\u00e9fono\" id=\"forminator-field-phone-1\" class=\"forminator-input forminator-field--phone\" data-required=\"\" aria-required=\"false\" autocomplete=\"off\" \/><\/div><\/div><\/div><div class=\"forminator-row\"><div id=\"textarea-1\" class=\"forminator-col forminator-col-12 \"><div class=\"forminator-field\"><textarea name=\"textarea-1\" placeholder=\"Mensaje...\" id=\"forminator-field-textarea-1\" class=\"forminator-textarea\" height=\"50\" style=\"min-height:px;\" maxlength=\"180\" ><\/textarea><span class=\"forminator-description\"><span data-limit=\"180\" data-type=\"characters\">0 \/ 180<\/span><\/span><\/div><\/div><\/div><input type=\"hidden\" name=\"referer_url\" value=\"\" \/><div class=\"forminator-row forminator-row-last\"><div class=\"forminator-col\"><div id=\"submit\" class=\"forminator-field\"><button class=\"forminator-button forminator-button-submit\">Enviar Mensaje<\/button><\/div><\/div><\/div><input type=\"hidden\" id=\"forminator_nonce\" name=\"forminator_nonce\" value=\"e5851d0493\" \/><input type=\"hidden\" name=\"_wp_http_referer\" value=\"\/es\/wp-json\/wp\/v2\/pages\/832\" \/><input type=\"hidden\" name=\"form_id\" value=\"19\"><input type=\"hidden\" name=\"page_id\" value=\"832\"><input type=\"hidden\" name=\"form_type\" value=\"default\"><input type=\"hidden\" name=\"current_url\" value=\"https:\/\/www.terrasun-sports.com\/es\/wp-json\/wp\/v2\/pages\/832\/\"><input type=\"hidden\" name=\"render_id\" value=\"0\"><input type=\"hidden\" name=\"action\" value=\"forminator_submit_form_custom-forms\"><\/form>\n\t\t<\/div>\n\t\t\t<\/div>\n\n\t\n<\/div>\n\t\t<\/div>\n\n\t\t\n<style>\n#section_178820275 {\n  padding-top: 120px;\n  padding-bottom: 120px;\n  background-color: rgb(179, 40, 36);\n}\n<\/style>\n\t<\/section>\n\t\n","protected":false},"excerpt":{"rendered":"","protected":false},"author":1,"featured_media":0,"parent":27,"menu_order":0,"comment_status":"closed","ping_status":"closed","template":"","meta":[],"_links":{"self":[{"href":"https:\/\/www.terrasun-sports.com\/es\/wp-json\/wp\/v2\/pages\/832"}],"collection":[{"href":"https:\/\/www.terrasun-sports.com\/es\/wp-json\/wp\/v2\/pages"}],"about":[{"href":"https:\/\/www.terrasun-sports.com\/es\/wp-json\/wp\/v2\/types\/page"}],"author":[{"embeddable":true,"href":"https:\/\/www.terrasun-sports.com\/es\/wp-json\/wp\/v2\/users\/1"}],"replies":[{"embeddable":true,"href":"https:\/\/www.terrasun-sports.com\/es\/wp-json\/wp\/v2\/comments?post=832"}],"version-history":[{"count":9,"href":"https:\/\/www.terrasun-sports.com\/es\/wp-json\/wp\/v2\/pages\/832\/revisions"}],"predecessor-version":[{"id":2879,"href":"https:\/\/www.terrasun-sports.com\/es\/wp-json\/wp\/v2\/pages\/832\/revisions\/2879"}],"up":[{"embeddable":true,"href":"https:\/\/www.terrasun-sports.com\/es\/wp-json\/wp\/v2\/pages\/27"}],"wp:attachment":[{"href":"https:\/\/www.terrasun-sports.com\/es\/wp-json\/wp\/v2\/media?parent=832"}],"curies":[{"name":"wp","href":"https:\/\/api.w.org\/{rel}","templated":true}]}}