{"id":787,"date":"2020-09-29T10:30:20","date_gmt":"2020-09-29T10:30:20","guid":{"rendered":"http:\/\/terrasunsport.unimento.net\/?page_id=787"},"modified":"2020-11-14T11:20:29","modified_gmt":"2020-11-14T11:20:29","slug":"ciudad-del-futbol","status":"publish","type":"page","link":"https:\/\/www.terrasun-sports.com\/es\/sedes-academia\/ciudad-del-futbol\/","title":{"rendered":"Ciudad del F\u00fatbol"},"content":{"rendered":"\t<section class=\"section\" id=\"section_37253875\">\n\t\t<div class=\"bg section-bg fill bg-fill  bg-loaded\" >\n\n\t\t\t\n\t\t\t\n\t\t\t\n\n\t\t<\/div>\n\n\t\t<div class=\"section-content relative\">\n\t\t\t\n<div class=\"row align-middle align-center\"  id=\"row-128191001\">\n\n\t<div id=\"col-581435307\" class=\"col medium-6 small-12 large-6\"  >\n\t\t<div class=\"col-inner\"  >\n\t\t\t\n\t\t\t\n<h6 class=\"uppercase\">SEDES ACADEMIA<\/h6>\n<h2 style=\"font-size: 180%;\">Ciudad del F\u00fatbol (Madrid)<\/h2>\n<p>La ciudad del f\u00fatbol es el lugar habitual de concentraci\u00f3n de la selecci\u00f3n espa\u00f1ola de futbol, el lugar donde los jugadores de la Selecci\u00f3n so\u00f1aron con proclamarse campeones de Europa y del Mundo.<\/p>\n<p>El complejo ocupa un \u00e1rea de 1,2 hect\u00e1reas y cuenta con:<\/p>\n<ul>\n<li>5 campos de f\u00fatbol (el central con pista de atletismo).<\/li>\n<li>Pabell\u00f3n deportivo.<\/li>\n<li>Gimnasio de primer nivel.<\/li>\n<li>Hotel-residencia.<\/li>\n<li>El Museo Nacional del F\u00fatbol: Un espacio muy especial con los recuerdos m\u00e1s importantes de la historia de la selecci\u00f3n espa\u00f1ola de f\u00fatbol.<\/li>\n<\/ul>\n\t\t<\/div>\n\t\t\n<style>\n#col-581435307 > .col-inner {\n  margin: 0px 0px 0px 0px;\n}\n<\/style>\n\t<\/div>\n\n\t\n\n\t<div id=\"col-1168982888\" class=\"col medium-6 small-12 large-6\"  >\n\t\t<div class=\"col-inner\"  >\n\t\t\t\n\t\t\t\n\n\t\t<\/div>\n\t\t\n<style>\n#col-1168982888 > .col-inner {\n  margin: 0px 0px 0pxc 0px;\n}\n<\/style>\n\t<\/div>\n\n\t\n<\/div>\n\t\t<\/div>\n\n\t\t\n<style>\n#section_37253875 {\n  padding-top: 40px;\n  padding-bottom: 40px;\n}\n<\/style>\n\t<\/section>\n\t\n\t<section class=\"section dark\" id=\"section_641350917\">\n\t\t<div class=\"bg section-bg fill bg-fill  bg-loaded\" >\n\n\t\t\t\n\t\t\t\n\t\t\t\n\n\t\t<\/div>\n\n\t\t<div class=\"section-content relative\">\n\t\t\t\n<div class=\"row row-collapse align-center\"  id=\"row-622664346\">\n\n\t<div id=\"col-615677975\" class=\"col medium-7 small-10 large-6\"  >\n\t\t<div class=\"col-inner text-center\"  >\n\t\t\t\n\t\t\t\n<h2 style=\"font-size: 250%;\">Informaci\u00f3n y reserva<\/h2>\n<h4>Solicitar informaci\u00f3n ampliada.\u00a0<\/h4>\n<div class=\"forminator-ui forminator-custom-form forminator-custom-form-19 forminator-design--flat forminator-enclosed forminator_ajax\" data-forminator-render=\"0\" data-form=\"forminator-module-19\"><br\/><\/div><form\n\t\t\t\tid=\"forminator-module-19\"\n\t\t\t\tclass=\"forminator-ui forminator-custom-form forminator-custom-form-19 forminator-design--flat forminator-enclosed forminator_ajax\"\n\t\t\t\taction=\"\"\n\t\t\t\tmethod=\"post\"\n\t\t\t\tdata-forminator-render=\"0\"\n\t\t\t\tdata-form-id=\"19\"\n\t\t\t\t\n\t\t\t\tdata-design=\"flat\"\n\t\t\t\t\n\t\t\t\t\n\t\t\t\t\n\t\t\t\tdata-grid=\"enclosed\"\n\t\t\t\t\n\t\t\t\t\n\t\t\t\tstyle=\"display: none;\"\n\t\t\t><div class=\"forminator-response-message\" aria-hidden=\"true\"><\/div><div class=\"forminator-row\"><div id=\"name-1\" class=\"forminator-col forminator-col-4 \"><div class=\"forminator-field\"><input type=\"text\" name=\"name-1\" value=\"\" placeholder=\"Nombre y Apellidos\" id=\"forminator-field-name-1\" class=\"forminator-input forminator-name--field\" aria-required=\"true\" \/><\/div><\/div><div id=\"email-1\" class=\"forminator-col forminator-col-4 \"><div class=\"forminator-field\"><input type=\"email\" name=\"email-1\" value=\"\" placeholder=\"Email\" id=\"forminator-field-email-1\" class=\"forminator-input forminator-email--field\" data-required=\"true\" aria-required=\"true\" \/><\/div><\/div><div id=\"phone-1\" class=\"forminator-col forminator-col-4 \"><div class=\"forminator-field\"><input type=\"text\" name=\"phone-1\" value=\"\" placeholder=\"Tel\u00e9fono\" id=\"forminator-field-phone-1\" class=\"forminator-input forminator-field--phone\" data-required=\"\" aria-required=\"false\" autocomplete=\"off\" \/><\/div><\/div><\/div><div class=\"forminator-row\"><div id=\"textarea-1\" class=\"forminator-col forminator-col-12 \"><div class=\"forminator-field\"><textarea name=\"textarea-1\" placeholder=\"Mensaje...\" id=\"forminator-field-textarea-1\" class=\"forminator-textarea\" height=\"50\" style=\"min-height:px;\" maxlength=\"180\" ><\/textarea><span class=\"forminator-description\"><span data-limit=\"180\" data-type=\"characters\">0 \/ 180<\/span><\/span><\/div><\/div><\/div><input type=\"hidden\" name=\"referer_url\" value=\"\" \/><div class=\"forminator-row forminator-row-last\"><div class=\"forminator-col\"><div id=\"submit\" class=\"forminator-field\"><button class=\"forminator-button forminator-button-submit\">Enviar Mensaje<\/button><\/div><\/div><\/div><input type=\"hidden\" id=\"forminator_nonce\" name=\"forminator_nonce\" value=\"ac1225a513\" \/><input type=\"hidden\" name=\"_wp_http_referer\" value=\"\/es\/wp-json\/wp\/v2\/pages\/787\" \/><input type=\"hidden\" name=\"form_id\" value=\"19\"><input type=\"hidden\" name=\"page_id\" value=\"787\"><input type=\"hidden\" name=\"form_type\" value=\"default\"><input type=\"hidden\" name=\"current_url\" value=\"https:\/\/www.terrasun-sports.com\/es\/wp-json\/wp\/v2\/pages\/787\/\"><input type=\"hidden\" name=\"render_id\" value=\"0\"><input type=\"hidden\" name=\"action\" value=\"forminator_submit_form_custom-forms\"><\/form>\n\t\t<\/div>\n\t\t\t<\/div>\n\n\t\n<\/div>\n\t\t<\/div>\n\n\t\t\n<style>\n#section_641350917 {\n  padding-top: 120px;\n  padding-bottom: 120px;\n  background-color: rgb(179, 40, 36);\n}\n<\/style>\n\t<\/section>\n\t\n","protected":false},"excerpt":{"rendered":"","protected":false},"author":1,"featured_media":0,"parent":27,"menu_order":0,"comment_status":"closed","ping_status":"closed","template":"","meta":[],"_links":{"self":[{"href":"https:\/\/www.terrasun-sports.com\/es\/wp-json\/wp\/v2\/pages\/787"}],"collection":[{"href":"https:\/\/www.terrasun-sports.com\/es\/wp-json\/wp\/v2\/pages"}],"about":[{"href":"https:\/\/www.terrasun-sports.com\/es\/wp-json\/wp\/v2\/types\/page"}],"author":[{"embeddable":true,"href":"https:\/\/www.terrasun-sports.com\/es\/wp-json\/wp\/v2\/users\/1"}],"replies":[{"embeddable":true,"href":"https:\/\/www.terrasun-sports.com\/es\/wp-json\/wp\/v2\/comments?post=787"}],"version-history":[{"count":8,"href":"https:\/\/www.terrasun-sports.com\/es\/wp-json\/wp\/v2\/pages\/787\/revisions"}],"predecessor-version":[{"id":2875,"href":"https:\/\/www.terrasun-sports.com\/es\/wp-json\/wp\/v2\/pages\/787\/revisions\/2875"}],"up":[{"embeddable":true,"href":"https:\/\/www.terrasun-sports.com\/es\/wp-json\/wp\/v2\/pages\/27"}],"wp:attachment":[{"href":"https:\/\/www.terrasun-sports.com\/es\/wp-json\/wp\/v2\/media?parent=787"}],"curies":[{"name":"wp","href":"https:\/\/api.w.org\/{rel}","templated":true}]}}