{"id":758,"date":"2020-09-29T10:15:22","date_gmt":"2020-09-29T10:15:22","guid":{"rendered":"http:\/\/terrasunsport.unimento.net\/?page_id=758"},"modified":"2020-11-14T11:21:37","modified_gmt":"2020-11-14T11:21:37","slug":"sierra-de-madrid","status":"publish","type":"page","link":"https:\/\/www.terrasun-sports.com\/es\/sedes-academia\/sierra-de-madrid\/","title":{"rendered":"Sierra de Madrid"},"content":{"rendered":"\t<section class=\"section\" id=\"section_2060307800\">\n\t\t<div class=\"bg section-bg fill bg-fill  bg-loaded\" >\n\n\t\t\t\n\t\t\t\n\t\t\t\n\n\t\t<\/div>\n\n\t\t<div class=\"section-content relative\">\n\t\t\t\n<div class=\"row align-middle align-center\"  id=\"row-1857438511\">\n\n\t<div id=\"col-1017280078\" class=\"col medium-6 small-12 large-6\"  >\n\t\t<div class=\"col-inner\"  >\n\t\t\t\n\t\t\t\n<h6 class=\"uppercase\">SEDES ACADEMIA<\/h6>\n<h2 style=\"font-size: 180%;\">Sierra de Madrid<\/h2>\n<p style=\"text-align: justify;\">Centro deportivo, con m\u00e1s de 15.000 m2, situado en un paraje natural, en una urbanizaci\u00f3n privada, cerrada, en plena sierra de Madrid (Espa\u00f1a), que cuenta con vigilancia las 24 horas del d\u00eda.<\/p>\n<p>Cuenta con:<\/p>\n<ul>\n<li>4 campos de f\u00fatbol profesional de c\u00e9sped natural y artificial, donde cada a\u00f1o vienen a entrenar equipos de primera divisi\u00f3n como el Atl\u00e9tico de Madrid.<\/li>\n<li>Un campo de F\u00fatbol-8 de c\u00e9sped artificial.<\/li>\n<li>Pista de Mini-Pitch, o f\u00fatbol dos a dos.<\/li>\n<li>Vestuarios exclusivos para el campo de f\u00fatbol.<\/li>\n<\/ul>\n\t\t<\/div>\n\t\t\n<style>\n#col-1017280078 > .col-inner {\n  margin: 0px 0px 0px 0px;\n}\n<\/style>\n\t<\/div>\n\n\t\n\n\t<div id=\"col-2064205481\" class=\"col medium-6 small-12 large-6\"  >\n\t\t<div class=\"col-inner\"  >\n\t\t\t\n\t\t\t\n\n\t\t<\/div>\n\t\t\n<style>\n#col-2064205481 > .col-inner {\n  margin: 0px 0px 0pxc 0px;\n}\n<\/style>\n\t<\/div>\n\n\t\n<\/div>\n\t\t<\/div>\n\n\t\t\n<style>\n#section_2060307800 {\n  padding-top: 40px;\n  padding-bottom: 40px;\n}\n<\/style>\n\t<\/section>\n\t\n\t<section class=\"section dark\" id=\"section_1556369420\">\n\t\t<div class=\"bg section-bg fill bg-fill  bg-loaded\" >\n\n\t\t\t\n\t\t\t\n\t\t\t\n\n\t\t<\/div>\n\n\t\t<div class=\"section-content relative\">\n\t\t\t\n<div class=\"row row-collapse align-center\"  id=\"row-664238161\">\n\n\t<div id=\"col-840844830\" class=\"col medium-7 small-10 large-6\"  >\n\t\t<div class=\"col-inner text-center\"  >\n\t\t\t\n\t\t\t\n<h2 style=\"font-size: 250%;\">Informaci\u00f3n y reserva<\/h2>\n<h4>Solicitar informaci\u00f3n ampliada.\u00a0<\/h4>\n<div class=\"forminator-ui forminator-custom-form forminator-custom-form-19 forminator-design--flat forminator-enclosed forminator_ajax\" data-forminator-render=\"0\" data-form=\"forminator-module-19\"><br\/><\/div><form\n\t\t\t\tid=\"forminator-module-19\"\n\t\t\t\tclass=\"forminator-ui forminator-custom-form forminator-custom-form-19 forminator-design--flat forminator-enclosed forminator_ajax\"\n\t\t\t\taction=\"\"\n\t\t\t\tmethod=\"post\"\n\t\t\t\tdata-forminator-render=\"0\"\n\t\t\t\tdata-form-id=\"19\"\n\t\t\t\t\n\t\t\t\tdata-design=\"flat\"\n\t\t\t\t\n\t\t\t\t\n\t\t\t\t\n\t\t\t\tdata-grid=\"enclosed\"\n\t\t\t\t\n\t\t\t\t\n\t\t\t\tstyle=\"display: none;\"\n\t\t\t><div class=\"forminator-response-message\" aria-hidden=\"true\"><\/div><div class=\"forminator-row\"><div id=\"name-1\" class=\"forminator-col forminator-col-4 \"><div class=\"forminator-field\"><input type=\"text\" name=\"name-1\" value=\"\" placeholder=\"Nombre y Apellidos\" id=\"forminator-field-name-1\" class=\"forminator-input forminator-name--field\" aria-required=\"true\" \/><\/div><\/div><div id=\"email-1\" class=\"forminator-col forminator-col-4 \"><div class=\"forminator-field\"><input type=\"email\" name=\"email-1\" value=\"\" placeholder=\"Email\" id=\"forminator-field-email-1\" class=\"forminator-input forminator-email--field\" data-required=\"true\" aria-required=\"true\" \/><\/div><\/div><div id=\"phone-1\" class=\"forminator-col forminator-col-4 \"><div class=\"forminator-field\"><input type=\"text\" name=\"phone-1\" value=\"\" placeholder=\"Tel\u00e9fono\" id=\"forminator-field-phone-1\" class=\"forminator-input forminator-field--phone\" data-required=\"\" aria-required=\"false\" autocomplete=\"off\" \/><\/div><\/div><\/div><div class=\"forminator-row\"><div id=\"textarea-1\" class=\"forminator-col forminator-col-12 \"><div class=\"forminator-field\"><textarea name=\"textarea-1\" placeholder=\"Mensaje...\" id=\"forminator-field-textarea-1\" class=\"forminator-textarea\" height=\"50\" style=\"min-height:px;\" maxlength=\"180\" ><\/textarea><span class=\"forminator-description\"><span data-limit=\"180\" data-type=\"characters\">0 \/ 180<\/span><\/span><\/div><\/div><\/div><input type=\"hidden\" name=\"referer_url\" value=\"\" \/><div class=\"forminator-row forminator-row-last\"><div class=\"forminator-col\"><div id=\"submit\" class=\"forminator-field\"><button class=\"forminator-button forminator-button-submit\">Enviar Mensaje<\/button><\/div><\/div><\/div><input type=\"hidden\" id=\"forminator_nonce\" name=\"forminator_nonce\" value=\"ac1225a513\" \/><input type=\"hidden\" name=\"_wp_http_referer\" value=\"\/es\/wp-json\/wp\/v2\/pages\/758\" \/><input type=\"hidden\" name=\"form_id\" value=\"19\"><input type=\"hidden\" name=\"page_id\" value=\"758\"><input type=\"hidden\" name=\"form_type\" value=\"default\"><input type=\"hidden\" name=\"current_url\" value=\"https:\/\/www.terrasun-sports.com\/es\/wp-json\/wp\/v2\/pages\/758\/\"><input type=\"hidden\" name=\"render_id\" value=\"0\"><input type=\"hidden\" name=\"action\" value=\"forminator_submit_form_custom-forms\"><\/form>\n\t\t<\/div>\n\t\t\t<\/div>\n\n\t\n<\/div>\n\t\t<\/div>\n\n\t\t\n<style>\n#section_1556369420 {\n  padding-top: 120px;\n  padding-bottom: 120px;\n  background-color: rgb(179, 40, 36);\n}\n<\/style>\n\t<\/section>\n\t\n","protected":false},"excerpt":{"rendered":"","protected":false},"author":1,"featured_media":0,"parent":27,"menu_order":0,"comment_status":"closed","ping_status":"closed","template":"","meta":[],"_links":{"self":[{"href":"https:\/\/www.terrasun-sports.com\/es\/wp-json\/wp\/v2\/pages\/758"}],"collection":[{"href":"https:\/\/www.terrasun-sports.com\/es\/wp-json\/wp\/v2\/pages"}],"about":[{"href":"https:\/\/www.terrasun-sports.com\/es\/wp-json\/wp\/v2\/types\/page"}],"author":[{"embeddable":true,"href":"https:\/\/www.terrasun-sports.com\/es\/wp-json\/wp\/v2\/users\/1"}],"replies":[{"embeddable":true,"href":"https:\/\/www.terrasun-sports.com\/es\/wp-json\/wp\/v2\/comments?post=758"}],"version-history":[{"count":11,"href":"https:\/\/www.terrasun-sports.com\/es\/wp-json\/wp\/v2\/pages\/758\/revisions"}],"predecessor-version":[{"id":2878,"href":"https:\/\/www.terrasun-sports.com\/es\/wp-json\/wp\/v2\/pages\/758\/revisions\/2878"}],"up":[{"embeddable":true,"href":"https:\/\/www.terrasun-sports.com\/es\/wp-json\/wp\/v2\/pages\/27"}],"wp:attachment":[{"href":"https:\/\/www.terrasun-sports.com\/es\/wp-json\/wp\/v2\/media?parent=758"}],"curies":[{"name":"wp","href":"https:\/\/api.w.org\/{rel}","templated":true}]}}