{"id":29,"date":"2020-09-15T21:42:48","date_gmt":"2020-09-15T21:42:48","guid":{"rendered":"http:\/\/terrasunsport.unimento.net\/?page_id=29"},"modified":"2020-12-07T19:07:57","modified_gmt":"2020-12-07T19:07:57","slug":"programas","status":"publish","type":"page","link":"https:\/\/www.terrasun-sports.com\/es\/programas\/","title":{"rendered":"Programas"},"content":{"rendered":"\t<section class=\"section\" id=\"section_1669210259\">\n\t\t<div class=\"bg section-bg fill bg-fill  bg-loaded\" >\n\n\t\t\t\n\t\t\t\n\t\t\t\n\n\t\t<\/div>\n\n\t\t<div class=\"section-content relative\">\n\t\t\t\n<div class=\"row row-collapse align-center\"  id=\"row-2008236635\">\n\n\t<div id=\"col-587260722\" class=\"col medium-8 small-10 large-6\"  >\n\t\t<div class=\"col-inner text-center\"  >\n\t\t\t\n\t\t\t\n<h2><span style=\"font-size: 150%; color: #D8322D;\">NUESTROS PROGRAMAS<\/span><\/h2>\n<div class=\"is-divider divider clearfix\" style=\"margin-top:0px;margin-bottom:0px;max-width:60px;background-color:rgb(9, 51, 95);\"><\/div>\n\t\t<\/div>\n\t\t\t<\/div>\n\n\t\n<\/div>\n\t\t<\/div>\n\n\t\t\n<style>\n#section_1669210259 {\n  padding-top: 40px;\n  padding-bottom: 40px;\n  background-color: rgb(246, 246, 246);\n}\n<\/style>\n\t<\/section>\n\t\n\t<section class=\"section\" id=\"section_1322407964\">\n\t\t<div class=\"bg section-bg fill bg-fill  bg-loaded\" >\n\n\t\t\t\n\t\t\t\n\t\t\t\n\n\t\t<\/div>\n\n\t\t<div class=\"section-content relative\">\n\t\t\t\n<div class=\"row align-equal align-center\"  id=\"row-1406418107\">\n\n\t<div id=\"col-254350804\" class=\"col medium-5 small-12 large-5\"  >\n\t\t<div class=\"col-inner text-center\"  >\n\t\t\t\n\t\t\t\n\t<div class=\"box has-hover   has-hover box-default box-text-bottom\" >\n\n\t\t<div class=\"box-image\" >\n\t\t\t<a href=\"https:\/\/www.terrasun-sports.com\/es\/programas\/campus-verano-real-madrid\/\"  >\t\t\t<div class=\"image-cover\" style=\"padding-top:56.25%;\">\n\t\t\t\t<img width=\"990\" height=\"660\" src=\"https:\/\/www.terrasun-sports.com\/wp-content\/uploads\/2020\/10\/campus-de-verano.jpg\" class=\"attachment- size-\" alt=\"\" loading=\"lazy\" srcset=\"https:\/\/www.terrasun-sports.com\/wp-content\/uploads\/2020\/10\/campus-de-verano.jpg 990w, https:\/\/www.terrasun-sports.com\/wp-content\/uploads\/2020\/10\/campus-de-verano-300x200.jpg 300w, https:\/\/www.terrasun-sports.com\/wp-content\/uploads\/2020\/10\/campus-de-verano-768x512.jpg 768w\" sizes=\"(max-width: 990px) 100vw, 990px\" \/>\t\t\t\t\t\t\t\t\t\t\t<\/div>\n\t\t\t<\/a>\t\t<\/div>\n\n\t\t<div class=\"box-text text-center dark\" style=\"background-color:rgb(216, 50, 45);\">\n\t\t\t<div class=\"box-text-inner\">\n\t\t\t\t\n<h2>CAMPUS DE <br \/>VERANO<\/h2>\n<p>Campus de f\u00fatbol de la FUNDACI\u00d3N REAL MADRID, con o sin idiomas.<strong>1-2 semanas<\/strong><\/p>\n<p><strong>Precio desde 850\u20ac\/semana<\/strong><\/p>\n<a href=\"https:\/\/www.terrasun-sports.com\/es\/programas\/campus-verano-real-madrid\/\" target=\"_self\" class=\"button secondary is-smaller\"  style=\"border-radius:99px;\">\n    <span>ver m\u00e1s<\/span>\n  <\/a>\n\n\t\t\t<\/div>\n\t\t<\/div>\n\t<\/div>\n\t\n\t\t<\/div>\n\t\t\t<\/div>\n\n\t\n\n\t<div id=\"col-1920732172\" class=\"col medium-5 small-12 large-5\"  >\n\t\t<div class=\"col-inner\"  >\n\t\t\t\n\t\t\t\n\t<div class=\"box has-hover   has-hover box-default box-text-bottom\" >\n\n\t\t<div class=\"box-image\" >\n\t\t\t<a href=\"https:\/\/www.terrasun-sports.com\/es\/programas\/academia-futbol-ano-academico\/\"  >\t\t\t<div class=\"image-cover\" style=\"padding-top:56.25%;\">\n\t\t\t\t<img width=\"990\" height=\"395\" src=\"https:\/\/www.terrasun-sports.com\/wp-content\/uploads\/2020\/10\/ano-academico.jpg\" class=\"attachment- size-\" alt=\"\" loading=\"lazy\" srcset=\"https:\/\/www.terrasun-sports.com\/wp-content\/uploads\/2020\/10\/ano-academico.jpg 990w, https:\/\/www.terrasun-sports.com\/wp-content\/uploads\/2020\/10\/ano-academico-300x120.jpg 300w, https:\/\/www.terrasun-sports.com\/wp-content\/uploads\/2020\/10\/ano-academico-768x306.jpg 768w\" sizes=\"(max-width: 990px) 100vw, 990px\" \/>\t\t\t\t\t\t\t\t\t\t\t<\/div>\n\t\t\t<\/a>\t\t<\/div>\n\n\t\t<div class=\"box-text text-center dark\" style=\"background-color:rgb(216, 50, 45);\">\n\t\t\t<div class=\"box-text-inner\">\n\t\t\t\t\n<h2>ACADEMIA DE F\u00daTBOL<br \/>A\u00d1O ACAD\u00c9MICO<\/h2>\n<p>Programas de F\u00fatbol combinado con la educaci\u00f3n en colegios internacionales o escuelas de idiomas.<strong> 10 meses<\/strong><\/p>\n<p><strong>Precio desde 1.950\u20ac\/mes<\/strong><\/p>\n<a href=\"https:\/\/www.terrasun-sports.com\/es\/programas\/academia-futbol-ano-academico\/\" target=\"_self\" class=\"button secondary is-smaller\"  style=\"border-radius:99px;\">\n    <span>ver m\u00e1s<\/span>\n  <\/a>\n\n\t\t\t<\/div>\n\t\t<\/div>\n\t<\/div>\n\t\n\t\t<\/div>\n\t\t\t<\/div>\n\n\t\n\n\t<div id=\"col-63029578\" class=\"col medium-5 small-12 large-5\"  >\n\t\t<div class=\"col-inner text-center\"  >\n\t\t\t\n\t\t\t\n\t<div class=\"box has-hover   has-hover box-default box-text-bottom\" >\n\n\t\t<div class=\"box-image\" >\n\t\t\t<a href=\"https:\/\/www.terrasun-sports.com\/es\/programas\/grupos-equipos\/\"  >\t\t\t<div class=\"image-cover\" style=\"padding-top:56.25%;\">\n\t\t\t\t<img width=\"990\" height=\"663\" src=\"https:\/\/www.terrasun-sports.com\/wp-content\/uploads\/2020\/10\/para-equipos.jpg\" class=\"attachment- size-\" alt=\"\" loading=\"lazy\" srcset=\"https:\/\/www.terrasun-sports.com\/wp-content\/uploads\/2020\/10\/para-equipos.jpg 990w, https:\/\/www.terrasun-sports.com\/wp-content\/uploads\/2020\/10\/para-equipos-300x201.jpg 300w, https:\/\/www.terrasun-sports.com\/wp-content\/uploads\/2020\/10\/para-equipos-768x514.jpg 768w\" sizes=\"(max-width: 990px) 100vw, 990px\" \/>\t\t\t\t\t\t\t\t\t\t\t<\/div>\n\t\t\t<\/a>\t\t<\/div>\n\n\t\t<div class=\"box-text text-center dark\" style=\"background-color:rgb(216, 50, 45);\">\n\t\t\t<div class=\"box-text-inner\">\n\t\t\t\t\n<h2>PROGRAMAS PARA <br \/>GRUPOS \/ EQUIPOS<\/h2>\n<p>Programas de alto rendimiento, dirigidos a clubes de f\u00fatbol, academias, colegios y universidades de todo el mundo. <br \/>PROGRAMAS A MEDIDA <strong>(1-3 semanas)<\/strong><\/p>\n<p><strong>Precio desde 990\u20ac\/semana<\/strong><\/p>\n<a href=\"https:\/\/www.terrasun-sports.com\/es\/programas\/grupos-equipos\/\" target=\"_self\" class=\"button secondary is-smaller\"  style=\"border-radius:99px;\">\n    <span>ver m\u00e1s<\/span>\n  <\/a>\n\n\t\t\t<\/div>\n\t\t<\/div>\n\t<\/div>\n\t\n\t\t<\/div>\n\t\t\t<\/div>\n\n\t\n\n\t<div id=\"col-1842498203\" class=\"col medium-5 small-12 large-5\"  >\n\t\t<div class=\"col-inner text-center\"  >\n\t\t\t\n\t\t\t\n\t<div class=\"box has-hover   has-hover box-default box-text-bottom\" >\n\n\t\t<div class=\"box-image\" >\n\t\t\t<a href=\"https:\/\/www.terrasun-sports.com\/es\/programas\/metodologia-futbol-espanol-pais\/\"  >\t\t\t<div class=\"image-cover\" style=\"padding-top:56.25%;\">\n\t\t\t\t<img width=\"990\" height=\"743\" src=\"https:\/\/www.terrasun-sports.com\/wp-content\/uploads\/2020\/10\/metodologia-en-tu-pais.jpg\" class=\"attachment- size-\" alt=\"\" loading=\"lazy\" srcset=\"https:\/\/www.terrasun-sports.com\/wp-content\/uploads\/2020\/10\/metodologia-en-tu-pais.jpg 990w, https:\/\/www.terrasun-sports.com\/wp-content\/uploads\/2020\/10\/metodologia-en-tu-pais-300x225.jpg 300w, https:\/\/www.terrasun-sports.com\/wp-content\/uploads\/2020\/10\/metodologia-en-tu-pais-768x576.jpg 768w\" sizes=\"(max-width: 990px) 100vw, 990px\" \/>\t\t\t\t\t\t\t\t\t\t\t<\/div>\n\t\t\t<\/a>\t\t<\/div>\n\n\t\t<div class=\"box-text text-center dark\" style=\"background-color:rgb(216, 50, 45);\">\n\t\t\t<div class=\"box-text-inner\">\n\t\t\t\t\n<h2>METODOLOG\u00cdA DEL F\u00daTBOL<br \/> ESPA\u00d1OL EN TU PA\u00cdS<\/h2>\n<p>Exportamos la metodolog\u00eda del f\u00fatbol espa\u00f1ol para nutrir de talento las academias de f\u00fatbol de tu pa\u00eds.<br \/>PROGRAMAS A MEDIDA<\/p>\n<p><strong>Precio a consultar<\/strong><\/p>\n\t<div id=\"gap-2044033751\" class=\"gap-element clearfix\" style=\"display:block; height:auto;\">\n\t\t\n<style>\n#gap-2044033751 {\n  padding-top: 0px;\n}\n<\/style>\n\t<\/div>\n\t\n<a href=\"https:\/\/www.terrasun-sports.com\/es\/programas\/metodologia-futbol-espanol-pais\/\" target=\"_self\" class=\"button secondary is-smaller\"  style=\"border-radius:99px;\">\n    <span>ver m\u00e1s<\/span>\n  <\/a>\n\n\t\t\t<\/div>\n\t\t<\/div>\n\t<\/div>\n\t\n\t\t<\/div>\n\t\t\t<\/div>\n\n\t\n<\/div>\n\t\t<\/div>\n\n\t\t\n<style>\n#section_1322407964 {\n  padding-top: 30px;\n  padding-bottom: 30px;\n  background-color: rgb(246, 246, 246);\n}\n<\/style>\n\t<\/section>\n\t\n","protected":false},"excerpt":{"rendered":"","protected":false},"author":1,"featured_media":0,"parent":0,"menu_order":0,"comment_status":"closed","ping_status":"closed","template":"","meta":[],"_links":{"self":[{"href":"https:\/\/www.terrasun-sports.com\/es\/wp-json\/wp\/v2\/pages\/29"}],"collection":[{"href":"https:\/\/www.terrasun-sports.com\/es\/wp-json\/wp\/v2\/pages"}],"about":[{"href":"https:\/\/www.terrasun-sports.com\/es\/wp-json\/wp\/v2\/types\/page"}],"author":[{"embeddable":true,"href":"https:\/\/www.terrasun-sports.com\/es\/wp-json\/wp\/v2\/users\/1"}],"replies":[{"embeddable":true,"href":"https:\/\/www.terrasun-sports.com\/es\/wp-json\/wp\/v2\/comments?post=29"}],"version-history":[{"count":47,"href":"https:\/\/www.terrasun-sports.com\/es\/wp-json\/wp\/v2\/pages\/29\/revisions"}],"predecessor-version":[{"id":3475,"href":"https:\/\/www.terrasun-sports.com\/es\/wp-json\/wp\/v2\/pages\/29\/revisions\/3475"}],"wp:attachment":[{"href":"https:\/\/www.terrasun-sports.com\/es\/wp-json\/wp\/v2\/media?parent=29"}],"curies":[{"name":"wp","href":"https:\/\/api.w.org\/{rel}","templated":true}]}}