{"id":27,"date":"2020-09-15T21:42:38","date_gmt":"2020-09-15T21:42:38","guid":{"rendered":"http:\/\/terrasunsport.unimento.net\/?page_id=27"},"modified":"2020-12-07T19:23:41","modified_gmt":"2020-12-07T19:23:41","slug":"sedes-academia","status":"publish","type":"page","link":"https:\/\/www.terrasun-sports.com\/es\/sedes-academia\/","title":{"rendered":"Sedes Academia"},"content":{"rendered":"\t<section class=\"section\" id=\"section_935930292\">\n\t\t<div class=\"bg section-bg fill bg-fill  bg-loaded\" >\n\n\t\t\t\n\t\t\t\n\t\t\t\n\n\t\t<\/div>\n\n\t\t<div class=\"section-content relative\">\n\t\t\t\n<div class=\"row row-collapse row-full-width align-equal align-center\"  id=\"row-1967130847\">\n\n\t<div id=\"col-737492534\" class=\"col small-12 large-12\"  >\n\t\t<div class=\"col-inner text-center\"  >\n\t\t\t\n\t\t\t\n<h2><span style=\"font-size: 150%; color: #D8322D;\">SEDES ACADEMIA<\/span><\/h2>\n<p>Haz click es las distintas sedes para obtener mas informaci\u00f3n.<\/p>\n<div class=\"is-divider divider clearfix\" style=\"margin-top:0px;margin-bottom:0px;max-width:60px;background-color:rgb(9, 51, 95);\"><\/div>\n\t\t<\/div>\n\t\t\t<\/div>\n\n\t\n\n<style>\n#row-1967130847 > .col > .col-inner {\n  padding: 40px 0px 40px 0px;\n}\n<\/style>\n<\/div>\n<div class=\"row\"  id=\"row-1733196650\">\n\n\t<div id=\"col-1906255901\" class=\"col small-12 large-12\"  >\n\t\t<div class=\"col-inner\"  >\n\t\t\t\n\t\t\t\n<!-- imagelinks begin -->\n<div id=\"imgl-1-ihzh7\" class=\"imgl-map imgl-map-1 \"data-json-src=\"https:\/\/www.terrasun-sports.com\/wp-content\/uploads\/imagelinks\/1\/config.json?ver=\" data-item-id=\"1\" style=\"display:none;\" >\n<div class=\"imgl-store\">\n<div class=\"imgl-pin imgl-pin-1\" data-id=\"1\">\n<div class=\"imgl-pin-pulse\"><\/div>\n<div class=\"imgl-pin-data\">\n<\/div>\n<\/div>\n<div class=\"imgl-pin imgl-pin-2\" data-id=\"2\">\n<div class=\"imgl-pin-pulse\"><\/div>\n<div class=\"imgl-pin-data\">\n<\/div>\n<\/div>\n<div class=\"imgl-pin imgl-pin-3\" data-id=\"3\">\n<div class=\"imgl-pin-pulse\"><\/div>\n<div class=\"imgl-pin-data\">\n<\/div>\n<\/div>\n<div class=\"imgl-pin imgl-pin-4\" data-id=\"4\">\n<div class=\"imgl-pin-pulse\"><\/div>\n<div class=\"imgl-pin-data\">\n<\/div>\n<\/div>\n<div class=\"imgl-pin imgl-pin-5\" data-id=\"5\">\n<div class=\"imgl-pin-pulse\"><\/div>\n<div class=\"imgl-pin-data\">\n<\/div>\n<\/div>\n<div class=\"imgl-pin imgl-pin-6\" data-id=\"6\">\n<div class=\"imgl-pin-pulse\"><\/div>\n<div class=\"imgl-pin-data\">\n<\/div>\n<\/div>\n<div class=\"imgl-pin imgl-pin-7\" data-id=\"7\">\n<div class=\"imgl-pin-pulse\"><\/div>\n<div class=\"imgl-pin-data\">\n<\/div>\n<\/div>\n<div class=\"imgl-pin imgl-pin-8\" data-id=\"8\">\n<div class=\"imgl-pin-pulse\"><\/div>\n<div class=\"imgl-pin-data\">\n<\/div>\n<\/div>\n<div class=\"imgl-tt imgl-tt-1\" data-id=\"1\" >\n<p><strong>Ciudad Deportiva del Real Madrid<\/strong><\/p>\n<p>El mayor centro deportivo jam\u00e1s construido por un club de f\u00fatbol. Una superficie de 1.200.000 m2 con 12 campos de f\u00fatbol, salas, vestuarios, centro m\u00e9dico y cafeter\u00eda.<\/p>\n<p><strong>Residencia:<\/strong><\/p>\n<p>Universidad Europea de Madrid Una de las universidades privadas m\u00e1s prestigiosas a nivel mundial. Las habitaciones de la residencia son individuales y dobles, todas exteriores con vistas a los jardines y entorno con ba\u00f1o privado.<\/p><\/div>\n<div class=\"imgl-tt imgl-tt-2\" data-id=\"2\" >\n<p><strong>Sierra de Madrid<\/strong><\/p>\n<p>Centro deportivo, con m\u00e1s de 15.000 m2, situado en un paraje natural, en una urbanizaci\u00f3n privada, cerrada, en plena sierra de Madrid (Espa\u00f1a), que cuenta con vigilancia las 24 horas del d\u00eda.<\/p>\n<p><strong>Consta de:<\/strong> 4 campos de f\u00fatbol profesional de c\u00e9sped natural y artificial, donde cada a\u00f1o vienen a entrenar equipos de primera divisi\u00f3n como el Atl\u00e9tico de Madrid Un campo de F\u00fatbol-8 de c\u00e9sped artificial Pista de Mini-Pitch, o f\u00fatbol dos a dos Vestuarios exclusivos para el campo de f\u00fatbol.<\/p><\/div>\n<div class=\"imgl-tt imgl-tt-3\" data-id=\"3\" >\n<p><strong>Ciudad del Futbol \u2013 Federaci\u00f3n Espa\u00f1ola<\/strong><\/p>\n<p>La ciudad del futbol es el lugar habitual de concentraci\u00f3n de la selecci\u00f3n espa\u00f1ola de futbol, el lugar donde los jugadores de la Selecci\u00f3n so\u00f1aron con proclamarse campeones de Europa y del Mundo. El complejo ocupa un \u00e1rea de 1,2 hect\u00e1reas y cuenta con cinco campos de f\u00fatbol (el central con pista de atletismo), un pabell\u00f3n deportivo, un gimnasio de primer nivel, oficinas de an\u00e1lisis t\u00e9cnico, servicios m\u00e9dicos con tecnolog\u00eda de punta, un hotel-residencia y el \u00abMuseo Nacional del F\u00fatbol\u00bb, un espacio muy especial con los recuerdos m\u00e1s importantes de la historia de la selecci\u00f3n espa\u00f1ola de f\u00fatbol.<\/p><\/div>\n<div class=\"imgl-tt imgl-tt-4\" data-id=\"4\" >\n<p><strong>Madrid Norte<\/strong><\/p>\n<p>Complejo Polideportivo con dos campos de futbol de c\u00e9sped artificial, 1 campo de f\u00fatbol de hierba con dos vestuarios colectivos, 1 pista cubierta de futbol sala, Gimnasio de 200 m2.<\/p><\/div>\n<div class=\"imgl-tt imgl-tt-5\" data-id=\"5\" >\n<p><strong>Universidad de ALICANTE.<\/strong>\u00a0<\/p>\n\nSituado en el Campus de la Universidad de Alicante, \u00e9ste complejo se presenta como un espacio de m\u00e1s de 27.000 m2 lleno de naturaleza con el mejor ambiente juvenil internacional.\n\n<\/div>\n<div class=\"imgl-tt imgl-tt-6\" data-id=\"6\" >\n<p><strong>TORREVIEJA<\/strong><\/p>\n<p>La Ciudad Deportiva de Torrevieja, dispone de 4 campos de f\u00fatbol de C\u00e9sped artificial espec\u00edfico para deportistas. 4 Campos de f\u00fatbol 11 o 6 de f\u00fatbol 7 polivalentes y perfectamente preparados para la rotaci\u00f3n de equipos y campeonatos o entrenamientos. Tambi\u00e9n dispone de otros dos campos de F\u00fatbol, uno de ellos de c\u00e9sped artificial y otro de c\u00e9sped natural.<\/p><\/div>\n<div class=\"imgl-tt imgl-tt-7\" data-id=\"7\" >\n<p><strong>Pinatar Arena, MURCIA<\/strong><\/p>\n<p>El Centro de F\u00fatbol cuenta con: 7 campos de f\u00fatbol de hierba natural en su centro de f\u00fatbol: 6 campos de f\u00fatbol y 1 campo de f\u00fatbol 7 El campo principal cuenta con medidas FIFA (105 x 68), iluminaci\u00f3n artificial con las m\u00ednimos requeridos para la disputa de un partido oficial internacional, capacidad en las gradas para 3.500 espectadores, plataformas para grabaci\u00f3n de entrenamientos y partidos, zona de prensa, zona mixta y acceso restringido y privado para jugadores. 10 Vestuarios, 7 de los cuales son exclusivo para el f\u00fatbol con acceso directo a la campos de f\u00fatbol, \u200b\u200b3 con ba\u00f1o de hielo . Un magn\u00edfico Fitness Center (900 m2) con salas privadas para entrenamientos en equipo, que ofrece el \u00faltimo equipamiento. Centro SPA con piscina interior climatizada, sauna, Jacuzzi, ba\u00f1o de vapor, sal\u00f3n de belleza, sala de fisioterapia y tienda de deportes.<\/p><\/div>\n<div class=\"imgl-tt imgl-tt-8\" data-id=\"8\" >\n<p><strong>BARCELONA<\/strong><\/p>\n<p>-Cuatro campos de f\u00fatbol de hierba natural.<\/p>\n<p>-Alojamiento en hotel cuatro estrellas superior.<\/p>\n<p>-Spa.<\/p>\n<p>-Sala de masaje.<\/p>\n<p>-Gimnasio.<\/p>\n<p>-Habitaciones plenamente equipadas.<\/p>\n<p>-Piscina climatizada.<\/p><\/div>\n<\/div>\n<\/div>\n<!-- imagelinks end -->\n\n\t\t<\/div>\n\t\t\t<\/div>\n\n\t\n<\/div>\n\t\t<\/div>\n\n\t\t\n<style>\n#section_935930292 {\n  padding-top: 0px;\n  padding-bottom: 0px;\n}\n<\/style>\n\t<\/section>\n\t\n\t<section class=\"section\" id=\"section_457975903\">\n\t\t<div class=\"bg section-bg fill bg-fill  bg-loaded\" >\n\n\t\t\t\n\t\t\t\n\t\t\t\n\n\t\t<\/div>\n\n\t\t<div class=\"section-content relative\">\n\t\t\t\n<div class=\"row align-center\"  id=\"row-411239514\">\n\n\t<div id=\"col-817207549\" class=\"col medium-4 small-12 large-4\"  >\n\t\t<div class=\"col-inner text-center\"  >\n\t\t\t\n\t\t\t\n\t<div class=\"box has-hover   has-hover box-bounce box-text-bottom\" >\n\n\t\t<div class=\"box-image\" >\n\t\t\t<a href=\"https:\/\/www.terrasun-sports.com\/es\/sedes-academia\/sierra-de-madrid\/\"  >\t\t\t<div class=\"image-glow image-cover\" style=\"padding-top:56.25%;\">\n\t\t\t\t<img width=\"1207\" height=\"679\" src=\"https:\/\/www.terrasun-sports.com\/wp-content\/uploads\/2020\/09\/Sede-Sierra-Madrid-2.jpg\" class=\"attachment- size-\" alt=\"\" loading=\"lazy\" srcset=\"https:\/\/www.terrasun-sports.com\/wp-content\/uploads\/2020\/09\/Sede-Sierra-Madrid-2.jpg 1207w, https:\/\/www.terrasun-sports.com\/wp-content\/uploads\/2020\/09\/Sede-Sierra-Madrid-2-300x169.jpg 300w, https:\/\/www.terrasun-sports.com\/wp-content\/uploads\/2020\/09\/Sede-Sierra-Madrid-2-1024x576.jpg 1024w, https:\/\/www.terrasun-sports.com\/wp-content\/uploads\/2020\/09\/Sede-Sierra-Madrid-2-768x432.jpg 768w\" sizes=\"(max-width: 1207px) 100vw, 1207px\" \/>\t\t\t\t<div class=\"overlay\" style=\"background-color:rgba(0, 0, 0, 0)\"><\/div>\t\t\t\t\t\t\t<\/div>\n\t\t\t<\/a>\t\t<\/div>\n\n\t\t<div class=\"box-text text-center dark\" style=\"background-color:rgb(216, 50, 45);padding:20px 0px 0px 0px;\">\n\t\t\t<div class=\"box-text-inner\">\n\t\t\t\t\n<h2><a href=\"https:\/\/www.terrasun-sports.com\/es\/sedes-academia\/sierra-de-madrid\/\">Sierra de Madrid<\/a><\/h2>\n<a href=\"https:\/\/www.terrasun-sports.com\/es\/sedes-academia\/sierra-de-madrid\/\" target=\"_self\" class=\"button white is-underline lowercase\"  >\n    <span>VER M\u00c1S<\/span>\n  <\/a>\n\n\t\t\t<\/div>\n\t\t<\/div>\n\t<\/div>\n\t\n\t\t<\/div>\n\t\t\t<\/div>\n\n\t\n\n\t<div id=\"col-810522394\" class=\"col medium-4 small-12 large-4\"  >\n\t\t<div class=\"col-inner text-center\"  >\n\t\t\t\n\t\t\t\n\t<div class=\"box has-hover   has-hover box-bounce box-text-bottom\" >\n\n\t\t<div class=\"box-image\" >\n\t\t\t<a href=\"https:\/\/www.terrasun-sports.com\/es\/sedes-academia\/madrid-norte\/\"  >\t\t\t<div class=\"image-glow image-cover\" style=\"padding-top:56.25%;\">\n\t\t\t\t<img width=\"1199\" height=\"899\" src=\"https:\/\/www.terrasun-sports.com\/wp-content\/uploads\/2020\/09\/sede-madrid-norte-alcobendas.jpg\" class=\"attachment- size-\" alt=\"\" loading=\"lazy\" srcset=\"https:\/\/www.terrasun-sports.com\/wp-content\/uploads\/2020\/09\/sede-madrid-norte-alcobendas.jpg 1199w, https:\/\/www.terrasun-sports.com\/wp-content\/uploads\/2020\/09\/sede-madrid-norte-alcobendas-300x225.jpg 300w, https:\/\/www.terrasun-sports.com\/wp-content\/uploads\/2020\/09\/sede-madrid-norte-alcobendas-1024x768.jpg 1024w, https:\/\/www.terrasun-sports.com\/wp-content\/uploads\/2020\/09\/sede-madrid-norte-alcobendas-768x576.jpg 768w\" sizes=\"(max-width: 1199px) 100vw, 1199px\" \/>\t\t\t\t<div class=\"overlay\" style=\"background-color:rgba(0, 0, 0, 0)\"><\/div>\t\t\t\t\t\t\t<\/div>\n\t\t\t<\/a>\t\t<\/div>\n\n\t\t<div class=\"box-text text-center dark\" style=\"background-color:rgb(216, 50, 45);padding:20px 0px 0px 0px;\">\n\t\t\t<div class=\"box-text-inner\">\n\t\t\t\t\n<h2><a href=\"https:\/\/www.terrasun-sports.com\/es\/sedes-academia\/madrid-norte\/\">Madrid Norte<\/a><\/h2>\n<a href=\"https:\/\/www.terrasun-sports.com\/es\/sedes-academia\/madrid-norte\/\" target=\"_self\" class=\"button white is-underline lowercase\"  >\n    <span>VER M\u00c1S<\/span>\n  <\/a>\n\n\t\t\t<\/div>\n\t\t<\/div>\n\t<\/div>\n\t\n\t\t<\/div>\n\t\t\t<\/div>\n\n\t\n\n\t<div id=\"col-845196921\" class=\"col medium-4 small-12 large-4\"  >\n\t\t<div class=\"col-inner text-center\"  >\n\t\t\t\n\t\t\t\n\t<div class=\"box has-hover   has-hover box-bounce box-text-bottom\" >\n\n\t\t<div class=\"box-image\" >\n\t\t\t<a href=\"https:\/\/www.terrasun-sports.com\/es\/sedes-academia\/ciudad-del-futbol\/\"  >\t\t\t<div class=\"image-glow image-cover\" style=\"padding-top:56.25%;\">\n\t\t\t\t<img width=\"960\" height=\"415\" src=\"https:\/\/www.terrasun-sports.com\/wp-content\/uploads\/2020\/09\/sede-ciudad-del-futbol-campos.jpg\" class=\"attachment- size-\" alt=\"\" loading=\"lazy\" srcset=\"https:\/\/www.terrasun-sports.com\/wp-content\/uploads\/2020\/09\/sede-ciudad-del-futbol-campos.jpg 960w, https:\/\/www.terrasun-sports.com\/wp-content\/uploads\/2020\/09\/sede-ciudad-del-futbol-campos-300x130.jpg 300w, https:\/\/www.terrasun-sports.com\/wp-content\/uploads\/2020\/09\/sede-ciudad-del-futbol-campos-768x332.jpg 768w\" sizes=\"(max-width: 960px) 100vw, 960px\" \/>\t\t\t\t<div class=\"overlay\" style=\"background-color:rgba(0, 0, 0, 0)\"><\/div>\t\t\t\t\t\t\t<\/div>\n\t\t\t<\/a>\t\t<\/div>\n\n\t\t<div class=\"box-text text-center dark\" style=\"background-color:rgb(216, 50, 45);padding:20px 0px 0px 0px;\">\n\t\t\t<div class=\"box-text-inner\">\n\t\t\t\t\n<h2><a href=\"https:\/\/www.terrasun-sports.com\/es\/sedes-academia\/ciudad-del-futbol\/\">Ciudad del F\u00fatbol (Madrid)<\/a><\/h2>\n<a href=\"https:\/\/www.terrasun-sports.com\/es\/sedes-academia\/ciudad-del-futbol\/\" target=\"_self\" class=\"button white is-underline\"  >\n    <span>Ver m\u00e1s<\/span>\n  <\/a>\n\n\t\t\t<\/div>\n\t\t<\/div>\n\t<\/div>\n\t\n\t\t<\/div>\n\t\t\t<\/div>\n\n\t\n<\/div>\n<div class=\"row align-center\"  id=\"row-1390031171\">\n\n\t<div id=\"col-1763013919\" class=\"col medium-4 small-12 large-4\"  >\n\t\t<div class=\"col-inner text-center\"  >\n\t\t\t\n\t\t\t\n\t<div class=\"box has-hover   has-hover box-bounce box-text-bottom\" >\n\n\t\t<div class=\"box-image\" >\n\t\t\t<a href=\"https:\/\/www.terrasun-sports.com\/es\/sedes-academia\/ciudad-real-madrid\/\"  >\t\t\t<div class=\"image-glow image-cover\" style=\"padding-top:56.25%;\">\n\t\t\t\t<img width=\"1500\" height=\"665\" src=\"https:\/\/www.terrasun-sports.com\/wp-content\/uploads\/2020\/09\/Sede-Ciudad-Real-Madrid-Terrasun-Sports.jpg\" class=\"attachment- size-\" alt=\"\" loading=\"lazy\" srcset=\"https:\/\/www.terrasun-sports.com\/wp-content\/uploads\/2020\/09\/Sede-Ciudad-Real-Madrid-Terrasun-Sports.jpg 1500w, https:\/\/www.terrasun-sports.com\/wp-content\/uploads\/2020\/09\/Sede-Ciudad-Real-Madrid-Terrasun-Sports-300x133.jpg 300w, https:\/\/www.terrasun-sports.com\/wp-content\/uploads\/2020\/09\/Sede-Ciudad-Real-Madrid-Terrasun-Sports-1024x454.jpg 1024w, https:\/\/www.terrasun-sports.com\/wp-content\/uploads\/2020\/09\/Sede-Ciudad-Real-Madrid-Terrasun-Sports-768x340.jpg 768w\" sizes=\"(max-width: 1500px) 100vw, 1500px\" \/>\t\t\t\t<div class=\"overlay\" style=\"background-color:rgba(0, 0, 0, 0)\"><\/div>\t\t\t\t\t\t\t<\/div>\n\t\t\t<\/a>\t\t<\/div>\n\n\t\t<div class=\"box-text text-center dark\" style=\"background-color:rgb(216, 50, 45);padding:20px 0px 0px 0px;\">\n\t\t\t<div class=\"box-text-inner\">\n\t\t\t\t\n<h2><a href=\"https:\/\/www.terrasun-sports.com\/es\/sedes-academia\/ciudad-real-madrid\/\">Ciudad del Real Madrid<\/a><\/h2>\n<a href=\"https:\/\/www.terrasun-sports.com\/es\/sedes-academia\/ciudad-real-madrid\/\" target=\"_self\" class=\"button white is-underline\"  >\n    <span>Ver m\u00e1s<\/span>\n  <\/a>\n\n\t\t\t<\/div>\n\t\t<\/div>\n\t<\/div>\n\t\n\t\t<\/div>\n\t\t\t<\/div>\n\n\t\n\n\t<div id=\"col-1893120545\" class=\"col medium-4 small-12 large-4\"  >\n\t\t<div class=\"col-inner text-center\"  >\n\t\t\t\n\t\t\t\n\t<div class=\"box has-hover   has-hover box-bounce box-text-bottom\" >\n\n\t\t<div class=\"box-image\" >\n\t\t\t<a href=\"https:\/\/www.terrasun-sports.com\/es\/sedes-academia\/universidad-de-alicante\/\"  >\t\t\t<div class=\"image-glow image-cover\" style=\"padding-top:56.25%;\">\n\t\t\t\t<img width=\"720\" height=\"450\" src=\"https:\/\/www.terrasun-sports.com\/wp-content\/uploads\/2020\/09\/sede-universidad-alicante-imagen-aerea-del-campo-de-futbol.jpg\" class=\"attachment- size-\" alt=\"\" loading=\"lazy\" srcset=\"https:\/\/www.terrasun-sports.com\/wp-content\/uploads\/2020\/09\/sede-universidad-alicante-imagen-aerea-del-campo-de-futbol.jpg 720w, https:\/\/www.terrasun-sports.com\/wp-content\/uploads\/2020\/09\/sede-universidad-alicante-imagen-aerea-del-campo-de-futbol-300x188.jpg 300w\" sizes=\"(max-width: 720px) 100vw, 720px\" \/>\t\t\t\t<div class=\"overlay\" style=\"background-color:rgba(0, 0, 0, 0)\"><\/div>\t\t\t\t\t\t\t<\/div>\n\t\t\t<\/a>\t\t<\/div>\n\n\t\t<div class=\"box-text text-center dark\" style=\"background-color:rgb(216, 50, 45);padding:20px 0px 0px 0px;\">\n\t\t\t<div class=\"box-text-inner\">\n\t\t\t\t\n<h2><a href=\"https:\/\/www.terrasun-sports.com\/es\/sedes-academia\/universidad-de-alicante\/\">Universidad de Alicante<\/a><\/h2>\n<a href=\"https:\/\/www.terrasun-sports.com\/es\/sedes-academia\/universidad-de-alicante\/\" target=\"_self\" class=\"button white is-underline\"  >\n    <span>Ver m\u00e1s<\/span>\n  <\/a>\n\n\t\t\t<\/div>\n\t\t<\/div>\n\t<\/div>\n\t\n\t\t<\/div>\n\t\t\t<\/div>\n\n\t\n\n\t<div id=\"col-355032764\" class=\"col medium-4 small-12 large-4\"  >\n\t\t<div class=\"col-inner text-center\"  >\n\t\t\t\n\t\t\t\n\t<div class=\"box has-hover \/sedes-academia\/torrevieja\/  has-hover box-bounce box-text-bottom\" >\n\n\t\t<div class=\"box-image\" >\n\t\t\t<a href=\"https:\/\/www.terrasun-sports.com\/es\/sedes-academia\/torrevieja\/\"  >\t\t\t<div class=\"image-glow image-cover\" style=\"padding-top:56.25%;\">\n\t\t\t\t<img width=\"700\" height=\"467\" src=\"https:\/\/www.terrasun-sports.com\/wp-content\/uploads\/2020\/09\/Sede-Torrevieja-1-5.jpg\" class=\"attachment- size-\" alt=\"\" loading=\"lazy\" srcset=\"https:\/\/www.terrasun-sports.com\/wp-content\/uploads\/2020\/09\/Sede-Torrevieja-1-5.jpg 700w, https:\/\/www.terrasun-sports.com\/wp-content\/uploads\/2020\/09\/Sede-Torrevieja-1-5-300x200.jpg 300w\" sizes=\"(max-width: 700px) 100vw, 700px\" \/>\t\t\t\t<div class=\"overlay\" style=\"background-color:rgba(0, 0, 0, 0)\"><\/div>\t\t\t\t\t\t\t<\/div>\n\t\t\t<\/a>\t\t<\/div>\n\n\t\t<div class=\"box-text text-center dark\" style=\"background-color:rgb(216, 50, 45);padding:20px 0px 0px 0px;\">\n\t\t\t<div class=\"box-text-inner\">\n\t\t\t\t\n<h2><a href=\"https:\/\/www.terrasun-sports.com\/es\/sedes-academia\/torrevieja\/\">Torrevieja (Alicante)<\/a><\/h2>\n<a href=\"https:\/\/www.terrasun-sports.com\/es\/sedes-academia\/torrevieja\/\" target=\"_self\" class=\"button white is-underline\"  >\n    <span>Ver m\u00e1s<\/span>\n  <\/a>\n\n\t\t\t<\/div>\n\t\t<\/div>\n\t<\/div>\n\t\n\t\t<\/div>\n\t\t\t<\/div>\n\n\t\n<\/div>\n<div class=\"row align-center\"  id=\"row-1079205961\">\n\n\t<div id=\"col-666524009\" class=\"col medium-4 small-12 large-4\"  >\n\t\t<div class=\"col-inner text-center\"  >\n\t\t\t\n\t\t\t\n\t<div class=\"box has-hover   has-hover box-bounce box-text-bottom\" >\n\n\t\t<div class=\"box-image\" >\n\t\t\t<a href=\"https:\/\/www.terrasun-sports.com\/es\/sedes-academia\/pinatar-arena\/\"  >\t\t\t<div class=\"image-glow image-cover\" style=\"padding-top:56.25%;\">\n\t\t\t\t<img width=\"1426\" height=\"751\" src=\"https:\/\/www.terrasun-sports.com\/wp-content\/uploads\/2020\/10\/Sede-Pinatar-Arena-MURCIA-22.jpg\" class=\"attachment- size-\" alt=\"\" loading=\"lazy\" srcset=\"https:\/\/www.terrasun-sports.com\/wp-content\/uploads\/2020\/10\/Sede-Pinatar-Arena-MURCIA-22.jpg 1426w, https:\/\/www.terrasun-sports.com\/wp-content\/uploads\/2020\/10\/Sede-Pinatar-Arena-MURCIA-22-300x158.jpg 300w, https:\/\/www.terrasun-sports.com\/wp-content\/uploads\/2020\/10\/Sede-Pinatar-Arena-MURCIA-22-1024x539.jpg 1024w, https:\/\/www.terrasun-sports.com\/wp-content\/uploads\/2020\/10\/Sede-Pinatar-Arena-MURCIA-22-768x404.jpg 768w\" sizes=\"(max-width: 1426px) 100vw, 1426px\" \/>\t\t\t\t<div class=\"overlay\" style=\"background-color:rgba(0, 0, 0, 0)\"><\/div>\t\t\t\t\t\t\t<\/div>\n\t\t\t<\/a>\t\t<\/div>\n\n\t\t<div class=\"box-text text-center dark\" style=\"background-color:rgb(216, 50, 45);padding:20px 0px 0px 0px;\">\n\t\t\t<div class=\"box-text-inner\">\n\t\t\t\t\n<h2><a href=\"https:\/\/www.terrasun-sports.com\/es\/sedes-academia\/pinatar-arena\/\">Pinatar Arena (Murcia)<\/a><\/h2>\n<a href=\"https:\/\/www.terrasun-sports.com\/es\/sedes-academia\/pinatar-arena\/\" target=\"_self\" class=\"button white is-underline\"  >\n    <span>Ver m\u00e1s<\/span>\n  <\/a>\n\n\t\t\t<\/div>\n\t\t<\/div>\n\t<\/div>\n\t\n\t\t<\/div>\n\t\t\t<\/div>\n\n\t\n\n\t<div id=\"col-2108374962\" class=\"col medium-4 small-12 large-4\"  >\n\t\t<div class=\"col-inner text-center\"  >\n\t\t\t\n\t\t\t\n\t<div class=\"box has-hover   has-hover box-bounce box-text-bottom\" >\n\n\t\t<div class=\"box-image\" >\n\t\t\t<a href=\"https:\/\/www.terrasun-sports.com\/es\/sedes-academia\/barcelona\/\"  >\t\t\t<div class=\"image-glow image-cover\" style=\"padding-top:56.25%;\">\n\t\t\t\t<img width=\"512\" height=\"250\" src=\"https:\/\/www.terrasun-sports.com\/wp-content\/uploads\/2020\/10\/sede-Barcelona-IMG_3662.jpg\" class=\"attachment- size-\" alt=\"\" loading=\"lazy\" srcset=\"https:\/\/www.terrasun-sports.com\/wp-content\/uploads\/2020\/10\/sede-Barcelona-IMG_3662.jpg 512w, https:\/\/www.terrasun-sports.com\/wp-content\/uploads\/2020\/10\/sede-Barcelona-IMG_3662-300x146.jpg 300w\" sizes=\"(max-width: 512px) 100vw, 512px\" \/>\t\t\t\t<div class=\"overlay\" style=\"background-color:rgba(0, 0, 0, 0)\"><\/div>\t\t\t\t\t\t\t<\/div>\n\t\t\t<\/a>\t\t<\/div>\n\n\t\t<div class=\"box-text text-center dark\" style=\"background-color:rgb(216, 50, 45);padding:20px 0px 0px 0px;\">\n\t\t\t<div class=\"box-text-inner\">\n\t\t\t\t\n<h2><a href=\"https:\/\/www.terrasun-sports.com\/es\/sedes-academia\/barcelona\/\">Barcelona<\/a><\/h2>\n<a href=\"https:\/\/www.terrasun-sports.com\/es\/sedes-academia\/barcelona\/\" target=\"_self\" class=\"button white is-underline\"  >\n    <span>Ver m\u00e1s<\/span>\n  <\/a>\n\n\t\t\t<\/div>\n\t\t<\/div>\n\t<\/div>\n\t\n\t\t<\/div>\n\t\t\t<\/div>\n\n\t\n\n\t<div id=\"col-2036471369\" class=\"col medium-4 small-12 large-4\"  >\n\t\t<div class=\"col-inner text-center\"  >\n\t\t\t\n\t\t\t\n\t\t<\/div>\n\t\t\t<\/div>\n\n\t\n<\/div>\n\t\t<\/div>\n\n\t\t\n<style>\n#section_457975903 {\n  padding-top: 90px;\n  padding-bottom: 90px;\n  background-color: rgb(255,255,255);\n}\n<\/style>\n\t<\/section>\n\t\n\t<section class=\"section\" id=\"section_407616861\">\n\t\t<div class=\"bg section-bg fill bg-fill  bg-loaded\" >\n\n\t\t\t\n\t\t\t\n\t\t\t\n\n\t\t<\/div>\n\n\t\t<div class=\"section-content relative\">\n\t\t\t\n<div class=\"row row-collapse\"  id=\"row-1629920453\">\n\n\t<div id=\"col-1010786438\" class=\"col small-12 large-12\"  >\n\t\t<div class=\"col-inner text-center dark\" style=\"background-color:rgb(216, 50, 45);\" >\n\t\t\t\n\t\t\t\n<h2 style=\"font-size: 250%;\">Informaci\u00f3n y reserva<\/h2>\n<h4>Solicitar informaci\u00f3n ampliada.\u00a0<\/h4>\n<div class=\"forminator-ui forminator-custom-form forminator-custom-form-19 forminator-design--flat forminator-enclosed forminator_ajax\" data-forminator-render=\"0\" data-form=\"forminator-module-19\"><br\/><\/div><form\n\t\t\t\tid=\"forminator-module-19\"\n\t\t\t\tclass=\"forminator-ui forminator-custom-form forminator-custom-form-19 forminator-design--flat forminator-enclosed forminator_ajax\"\n\t\t\t\taction=\"\"\n\t\t\t\tmethod=\"post\"\n\t\t\t\tdata-forminator-render=\"0\"\n\t\t\t\tdata-form-id=\"19\"\n\t\t\t\t\n\t\t\t\tdata-design=\"flat\"\n\t\t\t\t\n\t\t\t\t\n\t\t\t\t\n\t\t\t\tdata-grid=\"enclosed\"\n\t\t\t\t\n\t\t\t\t\n\t\t\t\tstyle=\"display: none;\"\n\t\t\t><div class=\"forminator-response-message\" aria-hidden=\"true\"><\/div><div class=\"forminator-row\"><div id=\"name-1\" class=\"forminator-col forminator-col-4 \"><div class=\"forminator-field\"><input type=\"text\" name=\"name-1\" value=\"\" placeholder=\"Nombre y Apellidos\" id=\"forminator-field-name-1\" class=\"forminator-input forminator-name--field\" aria-required=\"true\" \/><\/div><\/div><div id=\"email-1\" class=\"forminator-col forminator-col-4 \"><div class=\"forminator-field\"><input type=\"email\" name=\"email-1\" value=\"\" placeholder=\"Email\" id=\"forminator-field-email-1\" class=\"forminator-input forminator-email--field\" data-required=\"true\" aria-required=\"true\" \/><\/div><\/div><div id=\"phone-1\" class=\"forminator-col forminator-col-4 \"><div class=\"forminator-field\"><input type=\"text\" name=\"phone-1\" value=\"\" placeholder=\"Tel\u00e9fono\" id=\"forminator-field-phone-1\" class=\"forminator-input forminator-field--phone\" data-required=\"\" aria-required=\"false\" autocomplete=\"off\" \/><\/div><\/div><\/div><div class=\"forminator-row\"><div id=\"textarea-1\" class=\"forminator-col forminator-col-12 \"><div class=\"forminator-field\"><textarea name=\"textarea-1\" placeholder=\"Mensaje...\" id=\"forminator-field-textarea-1\" class=\"forminator-textarea\" height=\"50\" style=\"min-height:px;\" maxlength=\"180\" ><\/textarea><span class=\"forminator-description\"><span data-limit=\"180\" data-type=\"characters\">0 \/ 180<\/span><\/span><\/div><\/div><\/div><input type=\"hidden\" name=\"referer_url\" value=\"\" \/><div class=\"forminator-row forminator-row-last\"><div class=\"forminator-col\"><div id=\"submit\" class=\"forminator-field\"><button class=\"forminator-button forminator-button-submit\">Enviar Mensaje<\/button><\/div><\/div><\/div><input type=\"hidden\" id=\"forminator_nonce\" name=\"forminator_nonce\" value=\"ac1225a513\" \/><input type=\"hidden\" name=\"_wp_http_referer\" value=\"\/es\/wp-json\/wp\/v2\/pages\/27\" \/><input type=\"hidden\" name=\"form_id\" value=\"19\"><input type=\"hidden\" name=\"page_id\" value=\"27\"><input type=\"hidden\" name=\"form_type\" value=\"default\"><input type=\"hidden\" name=\"current_url\" value=\"https:\/\/www.terrasun-sports.com\/es\/wp-json\/wp\/v2\/pages\/27\/\"><input type=\"hidden\" name=\"render_id\" value=\"0\"><input type=\"hidden\" name=\"action\" value=\"forminator_submit_form_custom-forms\"><\/form>\n\t\t<\/div>\n\t\t\n<style>\n#col-1010786438 > .col-inner {\n  padding: 70px 0px 70px 0px;\n}\n<\/style>\n\t<\/div>\n\n\t\n<\/div>\n\t\t<\/div>\n\n\t\t\n<style>\n#section_407616861 {\n  padding-top: 0px;\n  padding-bottom: 0px;\n  background-color: rgb(216, 50, 45);\n}\n<\/style>\n\t<\/section>\n\t\n","protected":false},"excerpt":{"rendered":"","protected":false},"author":1,"featured_media":0,"parent":0,"menu_order":0,"comment_status":"closed","ping_status":"closed","template":"","meta":[],"_links":{"self":[{"href":"https:\/\/www.terrasun-sports.com\/es\/wp-json\/wp\/v2\/pages\/27"}],"collection":[{"href":"https:\/\/www.terrasun-sports.com\/es\/wp-json\/wp\/v2\/pages"}],"about":[{"href":"https:\/\/www.terrasun-sports.com\/es\/wp-json\/wp\/v2\/types\/page"}],"author":[{"embeddable":true,"href":"https:\/\/www.terrasun-sports.com\/es\/wp-json\/wp\/v2\/users\/1"}],"replies":[{"embeddable":true,"href":"https:\/\/www.terrasun-sports.com\/es\/wp-json\/wp\/v2\/comments?post=27"}],"version-history":[{"count":97,"href":"https:\/\/www.terrasun-sports.com\/es\/wp-json\/wp\/v2\/pages\/27\/revisions"}],"predecessor-version":[{"id":3476,"href":"https:\/\/www.terrasun-sports.com\/es\/wp-json\/wp\/v2\/pages\/27\/revisions\/3476"}],"wp:attachment":[{"href":"https:\/\/www.terrasun-sports.com\/es\/wp-json\/wp\/v2\/media?parent=27"}],"curies":[{"name":"wp","href":"https:\/\/api.w.org\/{rel}","templated":true}]}}