{"id":25,"date":"2020-09-15T21:42:17","date_gmt":"2020-09-15T21:42:17","guid":{"rendered":"http:\/\/terrasunsport.unimento.net\/?page_id=25"},"modified":"2020-12-07T19:04:41","modified_gmt":"2020-12-07T19:04:41","slug":"por-que-venir","status":"publish","type":"page","link":"https:\/\/www.terrasun-sports.com\/es\/por-que-venir\/","title":{"rendered":"\u00bfPor qu\u00e9 Venir?"},"content":{"rendered":"\t<section class=\"section\" id=\"section_98790564\">\n\t\t<div class=\"bg section-bg fill bg-fill  bg-loaded\" >\n\n\t\t\t\n\t\t\t\n\t\t\t\n\n\t\t<\/div>\n\n\t\t<div class=\"section-content relative\">\n\t\t\t\n<div class=\"row row-collapse row-full-width align-middle align-center\"  id=\"row-1881823439\">\n\n\t<div id=\"col-509582733\" class=\"col medium-12 small-12 large-8\"  >\n\t\t<div class=\"col-inner text-center\"  >\n\t\t\t\n\t\t\t\n<div class=\"row row-collapse align-middle align-center\"  id=\"row-984887625\">\n\n\t<div id=\"col-78333640\" class=\"col small-12 large-12\"  >\n\t\t<div class=\"col-inner\"  >\n\t\t\t\n\t\t\t\n<h2><span style=\"font-size: 150%; color: #D8322D;\">\u00bfPOR QU\u00c9 VENIR?<\/span><\/h2>\n<div class=\"is-divider divider clearfix\" style=\"margin-top:0px;margin-bottom:0px;max-width:60px;background-color:rgb(9, 51, 95);\"><\/div>\n\t\t<\/div>\n\t\t\t<\/div>\n\n\t\n\n<style>\n#row-984887625 > .col > .col-inner {\n  padding: 0px 0px 0px 0px;\n}\n@media (min-width:550px) {\n  #row-984887625 > .col > .col-inner {\n    padding: 60px 0px 60px 0px;\n  }\n}\n@media (min-width:850px) {\n  #row-984887625 > .col > .col-inner {\n    padding: 0 0px 0px 0px;\n  }\n}\n<\/style>\n<\/div>\n\t\t<\/div>\n\t\t\t<\/div>\n\n\t\n\n<style>\n#row-1881823439 > .col > .col-inner {\n  padding: 40px 0px 40px 0px;\n}\n<\/style>\n<\/div>\n\t\t<\/div>\n\n\t\t\n<style>\n#section_98790564 {\n  padding-top: 20px;\n  padding-bottom: 20px;\n}\n<\/style>\n\t<\/section>\n\t\n\t<section class=\"section\" id=\"section_355818573\">\n\t\t<div class=\"bg section-bg fill bg-fill  bg-loaded\" >\n\n\t\t\t\n\t\t\t\n\t\t\t\n\n\t\t<\/div>\n\n\t\t<div class=\"section-content relative\">\n\t\t\t\n<div class=\"row align-equal\"  id=\"row-1894250072\">\n\n\t<div id=\"col-908769944\" class=\"col medium-12 small-12 large-4\"  >\n\t\t<div class=\"col-inner dark\" style=\"background-color:rgb(216, 50, 45);\" >\n\t\t\t\n\t\t\t\n\n\t\t<div class=\"icon-box featured-box icon-box-top text-left\"  >\n\t\t\t\t\t<div class=\"icon-box-img\" style=\"width: 60px\">\n\t\t\t\t<div class=\"icon\">\n\t\t\t\t\t<div class=\"icon-inner\" >\n\t\t\t\t\t\t<svg id=\"Capa_1\" enable-background=\"new 0 0 512 512\" height=\"512\" viewBox=\"0 0 512 512\" width=\"512\" xmlns=\"http:\/\/www.w3.org\/2000\/svg\"><g id=\"_x31__3_\"><g><path d=\"m376 512h-121.63v-330.08c-29.22 22.186-62.286 39.441-98.667 51.454l-19.703 6.505v-114.774c6.649-2.883 34.285-6.959 83.716-45.471 46.865-36.51 53.334-73.731 56.375-79.634h99.909zm-91.63-30h61.63v-452h-49.157c-11.986 27.646-31.689 52.265-58.689 73.3-25.364 19.76-49.582 34.252-72.153 43.191v51.188c35.067-14.124 66.32-33.902 93.125-58.963l25.244-23.601z\"\/><\/g><\/g><\/svg>\t\t\t\t\t<\/div>\n\t\t\t\t<\/div>\n\t\t\t<\/div>\n\t\t\t\t<div class=\"icon-box-text last-reset\">\n\t\t\t\t\t\t\t\t\t\n<p><strong>Nuestra academia de F\u00fatbol est\u00e1 en contacto continuo con entrenadores y clubes de f\u00fatbol oficiales de la Liga Espa\u00f1ola (posiblemente la mejor liga de f\u00fatbol del mundo).<\/strong><\/p>\n\t\t<\/div>\n\t<\/div>\n\t\n\t\n\t\t<\/div>\n\t\t\t<\/div>\n\n\t\n\n\t<div id=\"col-1113373418\" class=\"col medium-12 small-12 large-4\"  >\n\t\t<div class=\"col-inner dark\" style=\"background-color:rgb(216, 50, 45);\" >\n\t\t\t\n\t\t\t\n\n\t\t<div class=\"icon-box featured-box icon-box-top text-left\"  >\n\t\t\t\t\t<div class=\"icon-box-img\" style=\"width: 60px\">\n\t\t\t\t<div class=\"icon\">\n\t\t\t\t\t<div class=\"icon-inner\" >\n\t\t\t\t\t\t<svg id=\"Capa_1\" enable-background=\"new 0 0 512 512\" height=\"512\" viewBox=\"0 0 512 512\" width=\"512\" xmlns=\"http:\/\/www.w3.org\/2000\/svg\"><g id=\"_x32__1_\"><g><path d=\"m436.877 512h-361.754l1.845-16.652c4.89-44.134 22.621-85.453 54.207-126.316 27.014-34.948 59.491-64.029 90.9-92.152 48.467-43.398 90.324-80.877 90.324-122.314 0-32.24-16.37-48.587-48.654-48.587-23.733 0-48.477 7.208-52.038 60.671l-1.028 15.431-124.325-12.102 1.67-15.105c11.143-100.824 73.615-154.874 178.066-154.874 109.371 0 170.787 67.344 170.787 148.043 0 41.376-13.624 79.902-41.649 117.78-23.74 32.085-54.792 59.53-82.189 83.744-17.665 15.613-34.688 30.66-47.956 45.324h171.795v117.109zm-327.498-30h297.498v-57.109h-198.3l13.459-22.66c15.343-25.833 42.443-49.785 71.135-75.143 53.298-47.105 113.706-100.496 113.706-179.045 0-58.756-43.532-118.043-140.787-118.043-83.556 0-132.633 38.037-146.083 113.113l63.42 6.173c7.017-45.864 32.986-73.308 80.318-73.308 48.516 0 78.654 30.113 78.654 78.587 0 54.844-48.726 98.473-100.313 144.664-55.066 49.308-117.003 104.767-132.707 182.771z\"\/><\/g><\/g><\/svg>\t\t\t\t\t<\/div>\n\t\t\t\t<\/div>\n\t\t\t<\/div>\n\t\t\t\t<div class=\"icon-box-text last-reset\">\n\t\t\t\t\t\t\t\t\t\n<p><strong>Ofrecemos programas personalizados en funci\u00f3n de sus objetivos y las cualidades del alumno.<br \/>\n<\/strong><\/p>\n\t\t<\/div>\n\t<\/div>\n\t\n\t\n\t\t<\/div>\n\t\t\t<\/div>\n\n\t\n\n\t<div id=\"col-1041606089\" class=\"col medium-12 small-12 large-4\"  >\n\t\t<div class=\"col-inner dark\" style=\"background-color:rgb(216, 50, 45);\" >\n\t\t\t\n\t\t\t\n\n\t\t<div class=\"icon-box featured-box icon-box-top text-left\"  >\n\t\t\t\t\t<div class=\"icon-box-img\" style=\"width: 60px\">\n\t\t\t\t<div class=\"icon\">\n\t\t\t\t\t<div class=\"icon-inner\" >\n\t\t\t\t\t\t<svg id=\"Capa_1\" enable-background=\"new 0 0 512 512\" height=\"512\" viewBox=\"0 0 512 512\" width=\"512\" xmlns=\"http:\/\/www.w3.org\/2000\/svg\"><g id=\"_x33__1_\"><g><path d=\"m255.15 512c-100.472 0-168.065-62.448-178.199-146.959l-1.795-14.969 121.792-13.983 1.925 14.628c4.646 35.318 24.912 55.574 55.6 55.574 27.274 0 54.795-19.553 54.795-63.236 0-40.583-25.818-58.748-51.406-58.748-10.843 0-24.255 2.097-39.864 6.233l-21.898 5.803 15.6-109.056 13.333.332c23.365.582 41.352-4.643 52.079-15.107 9.777-9.536 11.829-21.849 11.829-30.499 0-23.133-14.784-36.944-39.549-36.944-26.558 0-43.976 18.095-47.788 49.645l-1.871 15.487-118.755-19.094 3.315-15.449c19.404-90.421 75.243-135.658 167.808-135.658 100.761 0 162.382 68.993 162.382 136.561 0 37.721-17.158 69.41-51.088 94.525 45.514 20.883 73.449 63.608 73.449 115.816 0 87.395-73.848 165.098-181.694 165.098zm-145.874-135.648c14.452 64.681 70.154 105.648 145.874 105.648 94.953 0 151.694-68.69 151.694-135.098 0-49.523-31.356-86.646-81.832-96.882l-41.811-8.479 37.917-19.554c42.638-21.988 63.364-49.932 63.364-85.426.001-44.248-41.07-106.561-132.381-106.561-72.646 0-115.791 30.791-134.647 96.586l57.232 9.202c10.053-38.837 38.865-60.72 74.704-60.72 41.6 0 69.549 26.903 69.549 66.944 0 20.677-7.221 38.649-20.881 51.974-10.24 9.988-28.742 21.505-60.361 23.404l-5.628 39.344c9.396-1.614 18.022-2.428 25.792-2.428 21.957 0 42.224 8.347 57.065 23.503 15.924 16.261 24.341 38.822 24.341 65.244 0 57.603-38.218 93.236-84.795 93.236-39.638 0-71.662-23.979-82.58-67.128z\"\/><\/g><\/g><\/svg>\t\t\t\t\t<\/div>\n\t\t\t\t<\/div>\n\t\t\t<\/div>\n\t\t\t\t<div class=\"icon-box-text last-reset\">\n\t\t\t\t\t\t\t\t\t\n<p><strong>Las academias son el mejor lugar para que los alumnos vivan, entrenen y estudien todo el a\u00f1o.<br \/>\n<\/strong><\/p>\n\t\t<\/div>\n\t<\/div>\n\t\n\t\n\t\t<\/div>\n\t\t\t<\/div>\n\n\t\n\n\t<div id=\"col-1017300230\" class=\"col medium-12 small-12 large-4\"  >\n\t\t<div class=\"col-inner dark\" style=\"background-color:rgb(216, 50, 45);\" >\n\t\t\t\n\t\t\t\n\n\t\t<div class=\"icon-box featured-box icon-box-top text-left\"  >\n\t\t\t\t\t<div class=\"icon-box-img\" style=\"width: 60px\">\n\t\t\t\t<div class=\"icon\">\n\t\t\t\t\t<div class=\"icon-inner\" >\n\t\t\t\t\t\t<svg id=\"Capa_1\" enable-background=\"new 0 0 512 512\" height=\"512\" viewBox=\"0 0 512 512\" width=\"512\" xmlns=\"http:\/\/www.w3.org\/2000\/svg\"><g id=\"_x34__1_\"><g><path d=\"m379.017 512h-115.161v-98.196h-187.856v-99.698l206.027-314.106h96.99v303.261h56.983v110.543h-56.983zm-85.161-30h55.161v-98.196h56.983v-50.543h-56.983v-303.261h-50.79l-192.227 293.067v60.737h187.856zm0-148.739h-148.057l148.057-229.243zm-92.968-30h62.968v-97.497z\"\/><\/g><\/g><\/svg>\t\t\t\t\t<\/div>\n\t\t\t\t<\/div>\n\t\t\t<\/div>\n\t\t\t\t<div class=\"icon-box-text last-reset\">\n\t\t\t\t\t\t\t\t\t\n<p><strong> Instalaciones deportivas y Residencias de primer nivel.<br \/>\n<\/strong><\/p>\n\t\t<\/div>\n\t<\/div>\n\t\n\t\n\t\t<\/div>\n\t\t\t<\/div>\n\n\t\n\n\t<div id=\"col-56594444\" class=\"col medium-12 small-12 large-4\"  >\n\t\t<div class=\"col-inner dark\" style=\"background-color:rgb(216, 50, 45);\" >\n\t\t\t\n\t\t\t\n\n\t\t<div class=\"icon-box featured-box icon-box-top text-left\"  >\n\t\t\t\t\t<div class=\"icon-box-img\" style=\"width: 60px\">\n\t\t\t\t<div class=\"icon\">\n\t\t\t\t\t<div class=\"icon-inner\" >\n\t\t\t\t\t\t<svg id=\"Capa_1\" enable-background=\"new 0 0 512 512\" height=\"512\" viewBox=\"0 0 512 512\" width=\"512\" xmlns=\"http:\/\/www.w3.org\/2000\/svg\"><g id=\"_x35__1_\"><g><path d=\"m253.989 512c-96.718 0-164.481-55.22-176.845-144.11l-2.146-15.426 123.717-12.493 1.873 14.463c4.843 37.404 30.814 54.146 54.404 54.146 34.617 0 55.284-29.402 55.284-78.65 0-47.142-20.584-73.104-57.961-73.104-22.818 0-42.964 9.837-61.59 30.073l-5.334 5.795-99.714-14.071 53.505-278.623h276.065v117.819h-179.858l-7.709 42.53c14.708-4.398 29.667-6.616 44.716-6.616 43.894 0 84.741 16.622 115.018 46.804 32.44 32.338 49.586 76.517 49.586 127.761 0 47.967-17.083 93.039-48.103 126.912-32.991 36.028-79.738 56.79-134.908 56.79zm-144.259-132.89c15.391 64.758 68.252 102.89 144.259 102.89 100.454 0 153.012-77.322 153.012-153.702 0-94.908-67.715-144.565-134.604-144.565-40.391 0-65.699 19.106-84.299 26.792l22.24-122.707h174.909v-57.818h-221.278l-42.885 223.323 53.143 7.499c22.981-22.565 49.217-33.996 78.089-33.996 25.895 0 47.78 9.111 63.292 26.349 16.37 18.191 24.67 44.016 24.67 76.755 0 34.551-8.427 61.904-25.047 81.3-15.113 17.637-36.506 27.35-60.237 27.35-20.211 0-39.636-7.483-54.698-21.072-12.834-11.579-21.905-26.902-26.656-44.852z\"\/><\/g><\/g><\/svg>\t\t\t\t\t<\/div>\n\t\t\t\t<\/div>\n\t\t\t<\/div>\n\t\t\t\t<div class=\"icon-box-text last-reset\">\n\t\t\t\t\t\t\t\t\t\n<p><strong>Educaci\u00f3n en colegios internacionales o pr\u00e1ctica de idiomas.<\/p>\n<p><\/strong><\/p>\n\t\t<\/div>\n\t<\/div>\n\t\n\t\n\t\t<\/div>\n\t\t\t<\/div>\n\n\t\n\n\t<div id=\"col-1283976326\" class=\"col medium-12 small-12 large-4\"  >\n\t\t<div class=\"col-inner dark\" style=\"background-color:rgb(216, 50, 45);\" >\n\t\t\t\n\t\t\t\n\n\t\t<div class=\"icon-box featured-box icon-box-top text-left\"  >\n\t\t\t\t\t<div class=\"icon-box-img\" style=\"width: 60px\">\n\t\t\t\t<div class=\"icon\">\n\t\t\t\t\t<div class=\"icon-inner\" >\n\t\t\t\t\t\t<svg id=\"Capa_1\" enable-background=\"new 0 0 512 512\" height=\"512\" viewBox=\"0 0 512 512\" width=\"512\" xmlns=\"http:\/\/www.w3.org\/2000\/svg\"><g id=\"_x36__1_\"><g><path d=\"m262.236 512c-136.648 0-186.236-115.437-186.236-252.633 0-167.256 69.492-259.367 195.674-259.367 40.366 0 75.75 11.591 102.332 33.519 27.582 22.755 45.301 55.356 52.662 96.897l2.811 15.855-122.319 12.834-1.83-14.584c-3.423-27.285-15.57-39.452-39.386-39.452-36.667 0-51.596 31.646-58.397 82.04 20.42-12.876 43.682-19.375 69.521-19.375 41.728 0 80.917 16.048 110.35 45.189 31.782 31.468 48.582 74.249 48.582 123.718 0 51.942-17.278 96.252-49.966 128.14-31.214 30.449-75.18 47.219-123.798 47.219zm9.438-482c-125.318 0-165.674 104.096-165.674 229.367 0 118.704 37.458 222.633 156.236 222.633 85.99 0 143.764-58.415 143.764-145.359 0-90.224-66.43-138.908-128.933-138.908-30.848 0-55.961 11.362-76.775 34.735l-29.06 32.633 2.891-43.601c2.057-31.014 5.77-66.472 17.72-94.316 14.841-34.582 39.772-52.116 74.101-52.116 19.219 0 35.024 5.672 46.975 16.858 9.15 8.565 15.653 20.089 19.417 34.373l61.27-6.428c-15.847-58.117-58.622-89.871-121.932-89.871zm-4.719 406.291c-42.128 0-84.775-36.652-84.775-106.703 0-62.578 36.421-95.481 80.056-95.481 43.573 0 81.068 30.936 81.068 103.497 0 54.856-22.865 98.687-76.349 98.687zm-4.719-172.185c-31.344 0-50.056 24.479-50.056 65.481 0 50.358 26.999 76.703 54.775 76.703 35.964 0 46.349-32.412 46.349-68.688 0-47.394-18.137-73.496-51.068-73.496z\"\/><\/g><\/g><\/svg>\t\t\t\t\t<\/div>\n\t\t\t\t<\/div>\n\t\t\t<\/div>\n\t\t\t\t<div class=\"icon-box-text last-reset\">\n\t\t\t\t\t\t\t\t\t\n<p><strong> Seguimiento m\u00e9dico y nutricional<\/p>\n<p><\/strong><\/p>\n\t\t<\/div>\n\t<\/div>\n\t\n\t\n\t\t<\/div>\n\t\t\t<\/div>\n\n\t\n\n\t<div id=\"col-550663055\" class=\"col medium-12 small-12 large-4\"  >\n\t\t<div class=\"col-inner dark\" style=\"background-color:rgb(216, 50, 45);\" >\n\t\t\t\n\t\t\t\n\n\t\t<div class=\"icon-box featured-box icon-box-top text-left\"  >\n\t\t\t\t\t<div class=\"icon-box-img\" style=\"width: 60px\">\n\t\t\t\t<div class=\"icon\">\n\t\t\t\t\t<div class=\"icon-inner\" >\n\t\t\t\t\t\t<svg id=\"Capa_1\" enable-background=\"new 0 0 512 512\" height=\"512\" viewBox=\"0 0 512 512\" width=\"512\" xmlns=\"http:\/\/www.w3.org\/2000\/svg\"><g id=\"_x37__1_\"><g><path d=\"m266.79 512h-123.501l.363-15.355c1.625-68.667 16.465-139.617 44.107-210.879 23.646-60.949 54.488-117.037 91.863-167.127h-203.622v-118.639h360v91.157c-3.177 3.606-37.495 30.645-85.131 112.631-27.364 47.099-48.52 97.872-62.878 150.907-14.349 53.019-21.509 100.87-21.283 142.222zm-92.552-30h62.682c1.33-40.384 8.75-85.762 22.113-135.143 15.044-55.568 37.214-108.773 65.896-158.14 27.168-46.761 54.417-83.841 81.07-110.336v-48.381h-299.999v58.639h236.189c-11.308 15.81-77.455 81.666-126.461 207.978-24.316 62.687-38.249 124.973-41.49 185.383z\"\/><\/g><\/g><\/svg>\t\t\t\t\t<\/div>\n\t\t\t\t<\/div>\n\t\t\t<\/div>\n\t\t\t\t<div class=\"icon-box-text last-reset\">\n\t\t\t\t\t\t\t\t\t\n<p><strong> Gran equipo de profesionales cualificados y entrenadores certificados.<\/p>\n<p><\/strong><\/p>\n\t\t<\/div>\n\t<\/div>\n\t\n\t\n\t\t<\/div>\n\t\t\t<\/div>\n\n\t\n\n\t<div id=\"col-2110362353\" class=\"col medium-12 small-12 large-4\"  >\n\t\t<div class=\"col-inner dark\" style=\"background-color:rgb(216, 50, 45);\" >\n\t\t\t\n\t\t\t\n\n\t\t<div class=\"icon-box featured-box icon-box-top text-left\"  >\n\t\t\t\t\t<div class=\"icon-box-img\" style=\"width: 60px\">\n\t\t\t\t<div class=\"icon\">\n\t\t\t\t\t<div class=\"icon-inner\" >\n\t\t\t\t\t\t<img width=\"256\" height=\"256\" src=\"https:\/\/www.terrasun-sports.com\/wp-content\/uploads\/2020\/10\/ocho.png\" class=\"attachment-medium size-medium\" alt=\"\" loading=\"lazy\" srcset=\"https:\/\/www.terrasun-sports.com\/wp-content\/uploads\/2020\/10\/ocho.png 256w, https:\/\/www.terrasun-sports.com\/wp-content\/uploads\/2020\/10\/ocho-150x150.png 150w\" sizes=\"(max-width: 256px) 100vw, 256px\" \/>\t\t\t\t\t<\/div>\n\t\t\t\t<\/div>\n\t\t\t<\/div>\n\t\t\t\t<div class=\"icon-box-text last-reset\">\n\t\t\t\t\t\t\t\t\t\n<p><strong> Realizamos un seguimiento individualizado de cada alumno para sacar lo mejor de \u00e9l.<\/p>\n<p><\/strong><\/p>\n\t\t<\/div>\n\t<\/div>\n\t\n\t\n\t\t<\/div>\n\t\t\t<\/div>\n\n\t\n\n\t<div id=\"col-222853392\" class=\"col medium-12 small-12 large-4\"  >\n\t\t<div class=\"col-inner dark\" style=\"background-color:rgb(216, 50, 45);\" >\n\t\t\t\n\t\t\t\n\n\t\t<div class=\"icon-box featured-box icon-box-top text-left\"  >\n\t\t\t\t\t<div class=\"icon-box-img\" style=\"width: 60px\">\n\t\t\t\t<div class=\"icon\">\n\t\t\t\t\t<div class=\"icon-inner\" >\n\t\t\t\t\t\t<svg id=\"Capa_1\" enable-background=\"new 0 0 512 512\" height=\"512\" viewBox=\"0 0 512 512\" width=\"512\" xmlns=\"http:\/\/www.w3.org\/2000\/svg\"><g id=\"_x39__1_\"><g><path d=\"m241.444 512c-38.615 0-70.472-11.164-94.685-33.182-24.507-22.286-40.319-55.069-46.997-97.439l-2.434-15.445 113.795-13.124 1.709 14.913c3.956 34.512 20.808 38.938 35.046 38.938 32.386 0 45.005-35.373 50.833-80.438-18.484 11.854-39.485 17.835-62.783 17.835-37.385 0-74.043-16.484-100.573-45.226-29.017-31.436-44.355-74.28-44.355-123.9 0-108.618 70.98-174.932 159.024-174.932 110.256 0 170.976 89.892 170.976 253.116 0 87.441-17.707 191.095-92.781 236.516-24.531 14.843-53.726 22.368-86.775 22.368zm-109.063-119.91c13.925 59.684 50.554 89.91 109.063 89.91 123.609 0 149.556-124.468 149.556-228.884 0-101.784-24.458-223.116-140.976-223.116-77.173 0-129.024 58.244-129.024 144.932 0 90.365 59.214 139.125 114.929 139.125 28.021 0 50.797-11.106 69.631-33.954l29.541-35.836-2.998 46.346c-2.043 31.588-5.334 64.554-15.49 91.644-16.857 44.965-46.682 54.404-68.733 54.404-19.544 0-35.239-6.52-46.649-19.379-7.207-8.122-12.421-18.624-15.574-31.335zm118.256-114.041c-53.32 0-75.061-48.598-75.061-103.117 0-51.975 18.532-99.272 70.465-99.272 51.491 0 78.432 53.648 78.432 106.642 0 50.128-23.797 95.747-73.836 95.747zm-4.596-172.389c-33.444 0-40.465 37.671-40.465 69.272 0 35.256 9.95 73.117 45.061 73.117 41.723 0 43.836-54.769 43.836-65.748 0-30.807-12.898-76.641-48.432-76.641z\"\/><\/g><\/g><\/svg>\t\t\t\t\t<\/div>\n\t\t\t\t<\/div>\n\t\t\t<\/div>\n\t\t\t\t<div class=\"icon-box-text last-reset\">\n\t\t\t\t\t\t\t\t\t\n<p><strong> Colaboramos con importantes agentes FIFA -representantes de futbolistas- a nivel nacional e internacional.<\/p>\n<p><\/strong><\/p>\n\t\t<\/div>\n\t<\/div>\n\t\n\t\n\t\t<\/div>\n\t\t\t<\/div>\n\n\t\n\n<style>\n#row-1894250072 > .col > .col-inner {\n  padding: 40px 40px 40px 40px;\n}\n<\/style>\n<\/div>\n\t\t<\/div>\n\n\t\t\n<style>\n#section_355818573 {\n  padding-top: 10px;\n  padding-bottom: 10px;\n}\n<\/style>\n\t<\/section>\n\t\n<div class=\"row align-middle align-center\"  id=\"row-655402649\">\n\n\t<div id=\"col-1666506851\" class=\"col medium-9 small-12 large-9\"  >\n\t\t<div class=\"col-inner text-center\"  >\n\t\t\t\n\t\t\t\n\t<div class=\"img has-hover circle x md-x lg-x y md-y lg-y\" id=\"image_1280369161\">\n\t\t<a class=\"image-lightbox lightbox-gallery\" title=\"\" href=\"https:\/\/www.terrasun-sports.com\/wp-content\/uploads\/2020\/10\/clemente-carta-1024x1024.jpg\">\t\t\t\t\t\t<div class=\"img-inner image-cover dark\" style=\"padding-top:100%;\">\n\t\t\t<img width=\"1020\" height=\"1020\" src=\"https:\/\/www.terrasun-sports.com\/wp-content\/uploads\/2020\/10\/clemente-carta-1024x1024.jpg\" class=\"attachment-large size-large\" alt=\"\" loading=\"lazy\" srcset=\"https:\/\/www.terrasun-sports.com\/wp-content\/uploads\/2020\/10\/clemente-carta-1024x1024.jpg 1024w, https:\/\/www.terrasun-sports.com\/wp-content\/uploads\/2020\/10\/clemente-carta-300x300.jpg 300w, https:\/\/www.terrasun-sports.com\/wp-content\/uploads\/2020\/10\/clemente-carta-150x150.jpg 150w, https:\/\/www.terrasun-sports.com\/wp-content\/uploads\/2020\/10\/clemente-carta-768x768.jpg 768w, https:\/\/www.terrasun-sports.com\/wp-content\/uploads\/2020\/10\/clemente-carta.jpg 1080w\" sizes=\"(max-width: 1020px) 100vw, 1020px\" \/>\t\t\t\t\t\t\n\t\t\t\t\t<\/div>\n\t\t\t\t\t\t<\/a>\t\t\n<style>\n#image_1280369161 {\n  width: 38%;\n}\n<\/style>\n\t<\/div>\n\t\n  <div class=\"icon-box testimonial-box icon-box-center text-center\">\n                <div class=\"icon-box-text p-last-0\">\n          <div class=\"star-rating\"><span style=\"width:100%\"><strong class=\"rating\"><\/strong><\/span><\/div>  \t\t\t\t<div class=\"testimonial-text line-height-small italic test_text first-reset last-reset is-italic\">\n            \n<h5>Mensaje de Javier Clemente: ex entrenador de la selecci\u00f3n espa\u00f1ola de f\u00fatbol y otros muchos equipos importantes y selecciones nacionales.<\/h5>\n<p>A uno le gustar\u00eda que todos los ni\u00f1os jugaran al f\u00fatbol y no porque llegaran al f\u00fatbol profesional, sino lo que representa para la mejora en la vida de nuestros ni\u00f1os.<br \/>La pr\u00e1ctica del f\u00fatbol no s\u00f3lo da una mejor\u00eda en el aspecto f\u00edsico que es bueno sino aspectos m\u00e1s importantes todav\u00eda como son los valores humanos como el compa\u00f1erismo, la disciplina, el respeto, el saber ganar y perder, un sin fin de cualidades.<br \/>Los ni\u00f1os son nuestro futuro en el f\u00fatbol un mundo mejor.<\/p>\n          <\/div>\n          <div class=\"testimonial-meta pt-half\">\n             <strong class=\"testimonial-name test_name\">Javier Clemente<\/strong>\n                          <span class=\"testimonial-company test_company\"><\/span>\n          <\/div>\n        <\/div>\n  <\/div>\n\n  \n\t\t<\/div>\n\t\t\t<\/div>\n\n\t\n\n<style>\n#row-655402649 > .col > .col-inner {\n  padding: 30px 30px 30px 30px;\n}\n<\/style>\n<\/div>\n\t<section class=\"section dark\" id=\"section_299343343\">\n\t\t<div class=\"bg section-bg fill bg-fill  bg-loaded\" >\n\n\t\t\t\n\t\t\t\n\t\t\t\n\n\t\t<\/div>\n\n\t\t<div class=\"section-content relative\">\n\t\t\t\n<div class=\"row align-center\"  id=\"row-1957322643\">\n\n\t<div id=\"col-1549597168\" class=\"col medium-10 small-11 large-6\"  >\n\t\t<div class=\"col-inner text-center\"  >\n\t\t\t\n\t\t\t\n<h2><span style=\"font-size: 110%;\">S\u00f3lo tiene que elegir el programa al que quieres asistir y a partir de ah\u00ed, nosotros nos ocupamos del resto!<\/p>\n<p><\/span><\/h2>\n\t<div id=\"gap-34248272\" class=\"gap-element clearfix\" style=\"display:block; height:auto;\">\n\t\t\n<style>\n#gap-34248272 {\n  padding-top: 30px;\n}\n<\/style>\n\t<\/div>\n\t\n<a href=\"https:\/\/www.terrasun-sports.com\/es\/programas\/\" target=\"_self\" class=\"button white is-outline is-small lowercase\"  style=\"border-radius:5px;padding:10px 25px 10px 25px;\">\n    <span>VER PROGRAMAS<\/span>\n  <\/a>\n\n\t\t<\/div>\n\t\t\t<\/div>\n\n\t\n\n<style>\n#row-1957322643 > .col > .col-inner {\n  padding: 30px 0px 0px 0px;\n}\n<\/style>\n<\/div>\n\t\t<\/div>\n\n\t\t\n<style>\n#section_299343343 {\n  padding-top: 50px;\n  padding-bottom: 50px;\n  background-color: rgb(216, 50, 45);\n}\n@media (min-width:850px) {\n  #section_299343343 {\n    padding-top: 90px;\n    padding-bottom: 90px;\n  }\n}\n<\/style>\n\t<\/section>\n\t\n","protected":false},"excerpt":{"rendered":"","protected":false},"author":1,"featured_media":0,"parent":0,"menu_order":0,"comment_status":"closed","ping_status":"closed","template":"page-blank.php","meta":[],"_links":{"self":[{"href":"https:\/\/www.terrasun-sports.com\/es\/wp-json\/wp\/v2\/pages\/25"}],"collection":[{"href":"https:\/\/www.terrasun-sports.com\/es\/wp-json\/wp\/v2\/pages"}],"about":[{"href":"https:\/\/www.terrasun-sports.com\/es\/wp-json\/wp\/v2\/types\/page"}],"author":[{"embeddable":true,"href":"https:\/\/www.terrasun-sports.com\/es\/wp-json\/wp\/v2\/users\/1"}],"replies":[{"embeddable":true,"href":"https:\/\/www.terrasun-sports.com\/es\/wp-json\/wp\/v2\/comments?post=25"}],"version-history":[{"count":105,"href":"https:\/\/www.terrasun-sports.com\/es\/wp-json\/wp\/v2\/pages\/25\/revisions"}],"predecessor-version":[{"id":3474,"href":"https:\/\/www.terrasun-sports.com\/es\/wp-json\/wp\/v2\/pages\/25\/revisions\/3474"}],"wp:attachment":[{"href":"https:\/\/www.terrasun-sports.com\/es\/wp-json\/wp\/v2\/media?parent=25"}],"curies":[{"name":"wp","href":"https:\/\/api.w.org\/{rel}","templated":true}]}}