{"id":23,"date":"2020-09-15T21:41:58","date_gmt":"2020-09-15T21:41:58","guid":{"rendered":"http:\/\/terrasunsport.unimento.net\/?page_id=23"},"modified":"2020-10-21T11:07:18","modified_gmt":"2020-10-21T11:07:18","slug":"quienes-somos","status":"publish","type":"page","link":"https:\/\/www.terrasun-sports.com\/es\/quienes-somos\/","title":{"rendered":"Quienes Somos"},"content":{"rendered":"\t<section class=\"section\" id=\"section_2071124342\">\n\t\t<div class=\"bg section-bg fill bg-fill  bg-loaded\" >\n\n\t\t\t\n\t\t\t\n\t\t\t\n\n\t\t<\/div>\n\n\t\t<div class=\"section-content relative\">\n\t\t\t\n<div class=\"row row-collapse\"  id=\"row-1352815693\">\n\n\t<div id=\"col-232002375\" class=\"col small-12 large-12\"  >\n\t\t<div class=\"col-inner text-center\"  >\n\t\t\t\n\t\t\t\n<h2><span style=\"font-size: 150%; color: #D8322D;\">QUI\u00c9NES SOMOS<\/span><\/h2>\n<div class=\"is-divider divider clearfix\" style=\"margin-top:0px;margin-bottom:0px;max-width:60px;background-color:rgb(9, 51, 95);\"><\/div>\n\t\t<\/div>\n\t\t\t<\/div>\n\n\t\n\n<style>\n#row-1352815693 > .col > .col-inner {\n  padding: 40px 0px 40px 0px;\n}\n<\/style>\n<\/div>\n\t<div id=\"gap-185696086\" class=\"gap-element clearfix\" style=\"display:block; height:auto;\">\n\t\t\n<style>\n#gap-185696086 {\n  padding-top: 10px;\n}\n@media (min-width:550px) {\n  #gap-185696086 {\n    padding-top: 50px;\n  }\n}\n<\/style>\n\t<\/div>\n\t\n<div class=\"row\"  id=\"row-1441529658\">\n\n\t<div id=\"col-1491693024\" class=\"col medium-10 small-12 large-6\"  >\n\t\t<div class=\"col-inner text-left\"  >\n\t\t\t\n\t\t\t\n<h2>Somos una academia de F\u00fatbol internacional que forma a jugadores de 10 a 25 a\u00f1os. <\/h2>\n<div class=\"is-divider divider clearfix\" ><\/div>\n<p style=\"text-align: justify;\">Terrasun Sports nace en el 2008 con el objetivo de ofrecer a ni\u00f1os y ni\u00f1as de todo el mundo, la posibilidad de potenciar su desarrollo deportivo y educativo en Espa\u00f1a.<\/p>\n<p style=\"text-align: justify;\">Nuestros alumnos aprenden los valores del deporte jugando al f\u00fatbol bajo la direcci\u00f3n de entrenadores titulados, quienes les forman y gu\u00edan no solo a nivel deportivo sino tambi\u00e9n en lo personal. Asimismo, ofrecemos la posibilidad de combinar el entrenamiento deportivo con la educaci\u00f3n en colegios internacionales, universidades o centros de Idiomas.<\/p>\n<p style=\"text-align: justify;\">Adem\u00e1s, Terrasun Sports tiene relaciones excepcionales con clubes de f\u00fatbol de la liga Espa\u00f1ola y Agentes FIFA, lo que nos permite ofrecer oportunidades para entrenar y jugar contra los mejores equipos de la liga Espa\u00f1ola y la posibilidad de ser visto por ojeadores de la zona.<\/p>\n\t\t<\/div>\n\t\t\t<\/div>\n\n\t\n\n\t<div id=\"col-1391825123\" class=\"col medium-10 small-12 large-6\"  >\n\t\t<div class=\"col-inner text-center\"  >\n\t\t\t\n\t\t\t\n    <div class=\"box has-hover has-hover box-default box-text-bottom\" >\n\n                  <div class=\"box-image \" style=\"width:31%;\">\n           <div class=\"box-image-inner image-cover\" style=\"border-radius:100%;padding-top:100%;\">\n              <img width=\"495\" height=\"330\" src=\"https:\/\/www.terrasun-sports.com\/wp-content\/uploads\/2020\/10\/Jesus-Sola-Terrasun-Sports.jpg\" class=\"attachment- size-\" alt=\"\" loading=\"lazy\" srcset=\"https:\/\/www.terrasun-sports.com\/wp-content\/uploads\/2020\/10\/Jesus-Sola-Terrasun-Sports.jpg 495w, https:\/\/www.terrasun-sports.com\/wp-content\/uploads\/2020\/10\/Jesus-Sola-Terrasun-Sports-300x200.jpg 300w\" sizes=\"(max-width: 495px) 100vw, 495px\" \/>                         <\/div>\n          <\/div>\n         \n          <div class=\"box-text text-center\" >\n                <div class=\"box-text-inner\">\n                  <h4 class=\"uppercase\">\n                    <span class=\"person-name\">JES\u00daS M\u00aa SOLA<\/span><br\/>\n                    <span class=\"person-title is-small thin-font op-7\">\n                      President                    <\/span>\n                  <\/h4>\n                 <div class=\"social-icons follow-icons\" ><\/div>                 \n<p style=\"text-align: justify;\n\">El Sr. Sola, adem\u00e1s de abogado y empresario inmobiliario, es un apasionado del f\u00fatbol y las actividades deportivas, y tiene una profunda amistad con muchos entrenadores de f\u00fatbol y presidentes de equipos de la Liga de F\u00fatbol Profesional Espa\u00f1ola, as\u00ed como con grandes leyendas del futbol internacional.<\/p>\n                <\/div>\n          <\/div>\n    <\/div>\n\n    \n    \n<div class=\"row row-collapse align-middle align-center\" style=\"max-width:400px\" id=\"row-1886329749\">\n\n\t<div id=\"col-830234972\" class=\"col medium-1 small-12 large-1\"  >\n\t\t<div class=\"col-inner\"  >\n\t\t\t\n\t\t\t\n\t\t<\/div>\n\t\t\t<\/div>\n\n\t\n\n\t<div id=\"col-625235324\" class=\"col medium-4 small-6 large-4\"  >\n\t\t<div class=\"col-inner\"  >\n\t\t\t\n\t\t\t\n\t<div class=\"img has-hover x md-x lg-x y md-y lg-y\" id=\"image_1837547113\">\n\t\t<a class=\"image-lightbox lightbox-gallery\" title=\"\" href=\"https:\/\/www.terrasun-sports.com\/wp-content\/uploads\/2020\/10\/3-766x1024.jpg\">\t\t\t\t\t\t<div class=\"img-inner image-cover dark\" style=\"padding-top:100%;\">\n\t\t\t<img width=\"766\" height=\"1024\" src=\"https:\/\/www.terrasun-sports.com\/wp-content\/uploads\/2020\/10\/3-766x1024.jpg\" class=\"attachment-large size-large\" alt=\"\" loading=\"lazy\" srcset=\"https:\/\/www.terrasun-sports.com\/wp-content\/uploads\/2020\/10\/3-766x1024.jpg 766w, https:\/\/www.terrasun-sports.com\/wp-content\/uploads\/2020\/10\/3-224x300.jpg 224w, https:\/\/www.terrasun-sports.com\/wp-content\/uploads\/2020\/10\/3-768x1027.jpg 768w, https:\/\/www.terrasun-sports.com\/wp-content\/uploads\/2020\/10\/3.jpg 900w\" sizes=\"(max-width: 766px) 100vw, 766px\" \/>\t\t\t\t\t\t\n\t\t\t\t\t\t\t<div class=\"caption\">En 2009, fue condecorado por la Federaci\u00f3n de F\u00fatbol de Ucrania con un Certificado de honor, tras organizar en Alicante varios partidos entre ex futbolistas famosos de la URSS y equipos de la liga espa\u00f1ola<\/div>\n\t\t\t\t\t<\/div>\n\t\t\t\t\t\t<\/a>\t\t\n<style>\n#image_1837547113 {\n  width: 100%;\n}\n@media (min-width:550px) {\n  #image_1837547113 {\n    width: 100%;\n  }\n}\n<\/style>\n\t<\/div>\n\t\n\t\t<\/div>\n\t\t\t<\/div>\n\n\t\n\n\t<div id=\"col-1395240859\" class=\"col medium-4 small-6 large-4\"  >\n\t\t<div class=\"col-inner\"  >\n\t\t\t\n\t\t\t\n\t<div class=\"img has-hover x md-x lg-x y md-y lg-y\" id=\"image_304811756\">\n\t\t<a class=\"image-lightbox lightbox-gallery\" title=\"\" href=\"https:\/\/www.terrasun-sports.com\/wp-content\/uploads\/2020\/10\/2-707x1024.jpg\">\t\t\t\t\t\t<div class=\"img-inner image-cover dark\" style=\"padding-top:100%;\">\n\t\t\t<img width=\"707\" height=\"1024\" src=\"https:\/\/www.terrasun-sports.com\/wp-content\/uploads\/2020\/10\/2-707x1024.jpg\" class=\"attachment-large size-large\" alt=\"\" loading=\"lazy\" srcset=\"https:\/\/www.terrasun-sports.com\/wp-content\/uploads\/2020\/10\/2-707x1024.jpg 707w, https:\/\/www.terrasun-sports.com\/wp-content\/uploads\/2020\/10\/2-207x300.jpg 207w, https:\/\/www.terrasun-sports.com\/wp-content\/uploads\/2020\/10\/2-768x1112.jpg 768w, https:\/\/www.terrasun-sports.com\/wp-content\/uploads\/2020\/10\/2.jpg 900w\" sizes=\"(max-width: 707px) 100vw, 707px\" \/>\t\t\t\t\t\t\n\t\t\t\t\t\t\t<div class=\"caption\">En 2009, fue nombrado Vicepresidente del Dynamo de San Petersburgo<\/div>\n\t\t\t\t\t<\/div>\n\t\t\t\t\t\t<\/a>\t\t\n<style>\n#image_304811756 {\n  width: 100%;\n}\n@media (min-width:550px) {\n  #image_304811756 {\n    width: 100%;\n  }\n}\n<\/style>\n\t<\/div>\n\t\n\t\t<\/div>\n\t\t\t<\/div>\n\n\t\n\n\t<div id=\"col-995937450\" class=\"col medium-1 small-12 large-1\"  >\n\t\t<div class=\"col-inner\"  >\n\t\t\t\n\t\t\t\n\t\t<\/div>\n\t\t\t<\/div>\n\n\t\n<\/div>\n\t\t<\/div>\n\t\t\t<\/div>\n\n\t\n<\/div>\n\t\t<\/div>\n\n\t\t\n<style>\n#section_2071124342 {\n  padding-top: 10px;\n  padding-bottom: 10px;\n}\n<\/style>\n\t<\/section>\n\t\n\t<section class=\"section\" id=\"section_345999646\">\n\t\t<div class=\"bg section-bg fill bg-fill  bg-loaded\" >\n\n\t\t\t\n\t\t\t\n\t\t\t\n\n\t\t<\/div>\n\n\t\t<div class=\"section-content relative\">\n\t\t\t\n<div class=\"row\"  id=\"row-1598093363\">\n\n\t<div id=\"col-660039871\" class=\"col small-12 large-12\"  >\n\t\t<div class=\"col-inner\"  >\n\t\t\t\n\t\t\t\n\n\t\t<\/div>\n\t\t\t<\/div>\n\n\t\n<\/div>\n\t\t<\/div>\n\n\t\t\n<style>\n#section_345999646 {\n  padding-top: 30px;\n  padding-bottom: 30px;\n}\n<\/style>\n\t<\/section>\n\t\n","protected":false},"excerpt":{"rendered":"","protected":false},"author":1,"featured_media":0,"parent":0,"menu_order":0,"comment_status":"closed","ping_status":"closed","template":"","meta":[],"_links":{"self":[{"href":"https:\/\/www.terrasun-sports.com\/es\/wp-json\/wp\/v2\/pages\/23"}],"collection":[{"href":"https:\/\/www.terrasun-sports.com\/es\/wp-json\/wp\/v2\/pages"}],"about":[{"href":"https:\/\/www.terrasun-sports.com\/es\/wp-json\/wp\/v2\/types\/page"}],"author":[{"embeddable":true,"href":"https:\/\/www.terrasun-sports.com\/es\/wp-json\/wp\/v2\/users\/1"}],"replies":[{"embeddable":true,"href":"https:\/\/www.terrasun-sports.com\/es\/wp-json\/wp\/v2\/comments?post=23"}],"version-history":[{"count":78,"href":"https:\/\/www.terrasun-sports.com\/es\/wp-json\/wp\/v2\/pages\/23\/revisions"}],"predecessor-version":[{"id":2534,"href":"https:\/\/www.terrasun-sports.com\/es\/wp-json\/wp\/v2\/pages\/23\/revisions\/2534"}],"wp:attachment":[{"href":"https:\/\/www.terrasun-sports.com\/es\/wp-json\/wp\/v2\/media?parent=23"}],"curies":[{"name":"wp","href":"https:\/\/api.w.org\/{rel}","templated":true}]}}