{"id":1543,"date":"2020-10-04T19:50:12","date_gmt":"2020-10-04T19:50:12","guid":{"rendered":"http:\/\/terrasunsport.unimento.net\/?page_id=1543"},"modified":"2020-11-04T17:34:45","modified_gmt":"2020-11-04T17:34:45","slug":"metodologia-futbol-espanol-pais","status":"publish","type":"page","link":"https:\/\/www.terrasun-sports.com\/es\/programas\/metodologia-futbol-espanol-pais\/","title":{"rendered":"Metodologia del futbol espa\u00f1ol en tu pais"},"content":{"rendered":"\t<section class=\"section dark\" id=\"section_1373815380\">\n\t\t<div class=\"bg section-bg fill bg-fill  bg-loaded\" >\n\n\t\t\t\n\t\t\t\n\t\t\t\n\n\t\t<\/div>\n\n\t\t<div class=\"section-content relative\">\n\t\t\t\n\t<div id=\"gap-253644888\" class=\"gap-element clearfix\" style=\"display:block; height:auto;\">\n\t\t\n<style>\n#gap-253644888 {\n  padding-top: 30px;\n}\n<\/style>\n\t<\/div>\n\t\n<div class=\"row align-middle\"  id=\"row-1771062863\">\n\n\t<div id=\"col-1173304334\" class=\"col medium-9 small-12 large-6\"  >\n\t\t<div class=\"col-inner\"  >\n\t\t\t\n\t\t\t\n<h1><span style=\"font-size: 100%;\">Metodolog\u00eda del F\u00fatbol Espa\u00f1ol en tu Pa\u00eds<\/span><\/h1>\n<p><span style=\"font-size: 100%;\">Espa\u00f1a es una potencia mundial en el f\u00fatbol <strong>\u00bfcu\u00e1l es el secreto de este \u00e9xito? <\/strong><\/span><\/p>\n<p><span style=\"font-size: 100%;\">El modelo de juego tiene que ir orientado a la formaci\u00f3n del futbolista.<\/span><\/p>\n<p><span style=\"font-size: 100%;\">En Terrasun Sports, Organizamos conferencias, seminarios y Entrenamientos bajo la metodolog\u00eda del f\u00fatbol de Espa\u00f1a en las propias instalaciones de vuestros clubs o academias.<\/span><\/p>\n\t\t<\/div>\n\t\t\t<\/div>\n\n\t\n\n\t<div id=\"col-688062676\" class=\"col medium-6 small-12 large-6\"  >\n\t\t<div class=\"col-inner\"  >\n\t\t\t\n\t\t\t\n\t<div class=\"img has-hover x md-x lg-x y md-y lg-y\" id=\"image_1128071405\">\n\t\t<a class=\"image-lightbox lightbox-gallery\" title=\"\" href=\"https:\/\/www.terrasun-sports.com\/wp-content\/uploads\/2020\/10\/espana-final-futbol-1024x768.jpg\">\t\t\t\t\t\t<div class=\"img-inner dark\" >\n\t\t\t<img width=\"1020\" height=\"765\" src=\"https:\/\/www.terrasun-sports.com\/wp-content\/uploads\/2020\/10\/espana-final-futbol-1024x768.jpg\" class=\"attachment-large size-large\" alt=\"\" loading=\"lazy\" srcset=\"https:\/\/www.terrasun-sports.com\/wp-content\/uploads\/2020\/10\/espana-final-futbol-1024x768.jpg 1024w, https:\/\/www.terrasun-sports.com\/wp-content\/uploads\/2020\/10\/espana-final-futbol-300x225.jpg 300w, https:\/\/www.terrasun-sports.com\/wp-content\/uploads\/2020\/10\/espana-final-futbol-768x576.jpg 768w, https:\/\/www.terrasun-sports.com\/wp-content\/uploads\/2020\/10\/espana-final-futbol.jpg 1536w\" sizes=\"(max-width: 1020px) 100vw, 1020px\" \/>\t\t\t\t\t\t\n\t\t\t\t\t<\/div>\n\t\t\t\t\t\t<\/a>\t\t\n<style>\n#image_1128071405 {\n  width: 100%;\n}\n<\/style>\n\t<\/div>\n\t\n\t\t<\/div>\n\t\t\t<\/div>\n\n\t\n\n<style>\n#row-1771062863 > .col > .col-inner {\n  padding: 0px 0px 0px 0px;\n}\n<\/style>\n<\/div>\n\t\t<\/div>\n\n\t\t\n<style>\n#section_1373815380 {\n  padding-top: 0px;\n  padding-bottom: 0px;\n  background-color: rgb(216, 50, 45);\n}\n<\/style>\n\t<\/section>\n\t\n<span class=\"scroll-to\" data-label=\"Scroll to: #precios\" data-bullet=\"false\" data-link=\"#precios\" data-title=\"precios\"><a name=\"precios\"><\/a><\/span>\n\t<section class=\"section\" id=\"section_1098668174\">\n\t\t<div class=\"bg section-bg fill bg-fill  bg-loaded\" >\n\n\t\t\t\n\t\t\t\n\t\t\t\n\n\t\t<\/div>\n\n\t\t<div class=\"section-content relative\">\n\t\t\t\n<div class=\"row align-equal align-center\"  id=\"row-282786396\">\n\n\t<div id=\"col-587468700\" class=\"col medium-6 small-12 large-6\"  >\n\t\t<div class=\"col-inner\" style=\"background-color:rgb(255,255,255);\" >\n\t\t\t\n\t\t\t\n<h3 class=\"p1\"><span class=\"s1\" style=\"font-size: 100%;\"><b>\u00bfQu\u00e9 ofrecemos?<\/b><\/span><\/h3>\n<ul class=\"ul1\">\n<li><span style=\"font-size: 90%;\">Ideas de juego orientadas a fomentar experiencias en el futbolista que le ayuden a mejorar en su formaci\u00f3n.<\/span><\/li>\n<li><span style=\"font-size: 90%;\">B\u00fasquedas de conocimientos y dominio del juego.<\/span><\/li>\n<li><span style=\"font-size: 90%;\">Exponer al futbolista a los contextos o situaciones de juego reales.<\/span><\/li>\n<\/ul>\n<div class=\"is-divider divider clearfix\" ><\/div>\n<h4><strong>Ense\u00f1ar al futbolista los diferentes aspectos del juego a trav\u00e9s de:<\/strong><\/h4>\n<ul>\n<li class=\"bullet-checkmark\">T\u00e9cnica individual con bal\u00f3n y sin bal\u00f3n<\/li>\n<li class=\"bullet-checkmark\">T\u00e1ctica individual con bal\u00f3n y sin bal\u00f3n<\/li>\n<li class=\"bullet-checkmark\">T\u00e1ctica colectiva con bal\u00f3n y sin bal\u00f3n<\/li>\n<\/ul>\n<p>Lo m\u00e1s importante en un futbolista es que tome lo decisi\u00f3n adecuada en cada situaci\u00f3n del juego, hacer que <strong>entienda el juego<\/strong>.<\/p>\n\t\t<\/div>\n\t\t\n<style>\n#col-587468700 > .col-inner {\n  padding: 40px 20px 20px 20px;\n}\n<\/style>\n\t<\/div>\n\n\t\n\n\t<div id=\"col-1488666937\" class=\"col medium-6 small-12 large-6\"  >\n\t\t<div class=\"col-inner text-left dark\" style=\"background-color:rgb(216, 50, 45);\" >\n\t\t\t\n\t\t\t\n\n  \n    <div id=\"gallery-1696025419\" class=\"slider slider-auto-height row-collapse slider-nav-reveal\" data-flickity-options='{\"imagesLoaded\": true, \"dragThreshold\" : 5, \"cellAlign\": \"left\",\"wrapAround\": true,\"prevNextButtons\": true,\"percentPosition\": true,\"pageDots\": false, \"rightToLeft\": false, \"autoPlay\" : false}'>\n\n          <div class=\"gallery-col col\" >\n          <div class=\"col-inner\">\n            <a class=\"image-lightbox lightbox-gallery\" href=\"https:\/\/www.terrasun-sports.com\/wp-content\/uploads\/2020\/10\/metodologia-en-tu-pais.jpg\" title=\"\">            <div class=\"box has-hover gallery-box box-overlay dark\">\n              <div class=\"box-image\" >\n                <img width=\"990\" height=\"743\" src=\"https:\/\/www.terrasun-sports.com\/wp-content\/uploads\/2020\/10\/metodologia-en-tu-pais.jpg\" class=\"attachment-original size-original\" alt=\"\" loading=\"lazy\" ids=\"1625\" type=\"slider-full\" image_size=\"original\" srcset=\"https:\/\/www.terrasun-sports.com\/wp-content\/uploads\/2020\/10\/metodologia-en-tu-pais.jpg 990w, https:\/\/www.terrasun-sports.com\/wp-content\/uploads\/2020\/10\/metodologia-en-tu-pais-300x225.jpg 300w, https:\/\/www.terrasun-sports.com\/wp-content\/uploads\/2020\/10\/metodologia-en-tu-pais-768x576.jpg 768w\" sizes=\"(max-width: 990px) 100vw, 990px\" \/>                                  <div class=\"overlay fill\"\n                      style=\"background-color: rgba(0,0,0,.15)\">\n                  <\/div>\n                                                              <\/div>\n              <div class=\"box-text text-left\" >\n                 <p><\/p>\n              <\/div>\n            <\/div>\n            <\/a>          <\/div>\n         <\/div>\n         <\/div>\n\t\t<\/div>\n\t\t\n<style>\n#col-1488666937 > .col-inner {\n  padding: 40px 20px 20px 20px;\n}\n<\/style>\n\t<\/div>\n\n\t\n<\/div>\n\t\t<\/div>\n\n\t\t\n<style>\n#section_1098668174 {\n  padding-top: 30px;\n  padding-bottom: 30px;\n  background-color: rgb(246, 246, 246);\n}\n<\/style>\n\t<\/section>\n\t\n<div class=\"row\"  id=\"row-672722315\">\n\n\t<div id=\"col-492500296\" class=\"col small-12 large-12\"  >\n\t\t<div class=\"col-inner text-center\"  >\n\t\t\t\n\t\t\t\n<div class=\"video video-fit mb\" style=\"padding-top:0px;\"><div style=\"width: 640px;\" class=\"wp-video\"><!--[if lt IE 9]><script>document.createElement('video');<\/script><![endif]-->\n<video class=\"wp-video-shortcode\" id=\"video-1543-1\" width=\"640\" height=\"360\" preload=\"metadata\" controls=\"controls\"><source type=\"video\/mp4\" src=\"https:\/\/www.terrasun-sports.com\/wp-content\/uploads\/2020\/11\/Metodologia-Terrasun-Sports.mp4?_=1\" \/><a href=\"https:\/\/www.terrasun-sports.com\/wp-content\/uploads\/2020\/11\/Metodologia-Terrasun-Sports.mp4\">https:\/\/www.terrasun-sports.com\/wp-content\/uploads\/2020\/11\/Metodologia-Terrasun-Sports.mp4<\/a><\/video><\/div>\n<\/div>\n\t\t<\/div>\n\t\t\t<\/div>\n\n\t\n<\/div>\n\t<section class=\"section dark\" id=\"section_389117585\">\n\t\t<div class=\"bg section-bg fill bg-fill  bg-loaded\" >\n\n\t\t\t\n\t\t\t\n\t\t\t\n\n\t\t<\/div>\n\n\t\t<div class=\"section-content relative\">\n\t\t\t\n<div class=\"row align-middle align-center\"  id=\"row-2130911441\">\n\n\t<div id=\"col-120934454\" class=\"col small-12 large-12\"  >\n\t\t<div class=\"col-inner text-center\"  >\n\t\t\t\n\t\t\t\n<h2><span style=\"font-size: 120%;\">Informaci\u00f3n y reserva<\/p>\n<p><\/span><\/h2>\n<p>P\u00cdDANOS INFORMACI\u00d3N SIN COMPROMISO Y POTENCIE EL FUTURO DE SU CLUB, COLEGIO O ESCUELA DE F\u00daTBOL..<\/p>\n<div class=\"forminator-ui forminator-custom-form forminator-custom-form-19 forminator-design--flat forminator-enclosed forminator_ajax\" data-forminator-render=\"0\" data-form=\"forminator-module-19\"><br\/><\/div><form\n\t\t\t\tid=\"forminator-module-19\"\n\t\t\t\tclass=\"forminator-ui forminator-custom-form forminator-custom-form-19 forminator-design--flat forminator-enclosed forminator_ajax\"\n\t\t\t\taction=\"\"\n\t\t\t\tmethod=\"post\"\n\t\t\t\tdata-forminator-render=\"0\"\n\t\t\t\tdata-form-id=\"19\"\n\t\t\t\t\n\t\t\t\tdata-design=\"flat\"\n\t\t\t\t\n\t\t\t\t\n\t\t\t\t\n\t\t\t\tdata-grid=\"enclosed\"\n\t\t\t\t\n\t\t\t\t\n\t\t\t\tstyle=\"display: none;\"\n\t\t\t><div class=\"forminator-response-message\" aria-hidden=\"true\"><\/div><div class=\"forminator-row\"><div id=\"name-1\" class=\"forminator-col forminator-col-4 \"><div class=\"forminator-field\"><input type=\"text\" name=\"name-1\" value=\"\" placeholder=\"Nombre y Apellidos\" id=\"forminator-field-name-1\" class=\"forminator-input forminator-name--field\" aria-required=\"true\" \/><\/div><\/div><div id=\"email-1\" class=\"forminator-col forminator-col-4 \"><div class=\"forminator-field\"><input type=\"email\" name=\"email-1\" value=\"\" placeholder=\"Email\" id=\"forminator-field-email-1\" class=\"forminator-input forminator-email--field\" data-required=\"true\" aria-required=\"true\" \/><\/div><\/div><div id=\"phone-1\" class=\"forminator-col forminator-col-4 \"><div class=\"forminator-field\"><input type=\"text\" name=\"phone-1\" value=\"\" placeholder=\"Tel\u00e9fono\" id=\"forminator-field-phone-1\" class=\"forminator-input forminator-field--phone\" data-required=\"\" aria-required=\"false\" autocomplete=\"off\" \/><\/div><\/div><\/div><div class=\"forminator-row\"><div id=\"textarea-1\" class=\"forminator-col forminator-col-12 \"><div class=\"forminator-field\"><textarea name=\"textarea-1\" placeholder=\"Mensaje...\" id=\"forminator-field-textarea-1\" class=\"forminator-textarea\" height=\"50\" style=\"min-height:px;\" maxlength=\"180\" ><\/textarea><span class=\"forminator-description\"><span data-limit=\"180\" data-type=\"characters\">0 \/ 180<\/span><\/span><\/div><\/div><\/div><input type=\"hidden\" name=\"referer_url\" value=\"\" \/><div class=\"forminator-row forminator-row-last\"><div class=\"forminator-col\"><div id=\"submit\" class=\"forminator-field\"><button class=\"forminator-button forminator-button-submit\">Enviar Mensaje<\/button><\/div><\/div><\/div><input type=\"hidden\" id=\"forminator_nonce\" name=\"forminator_nonce\" value=\"c4b58d4304\" \/><input type=\"hidden\" name=\"_wp_http_referer\" value=\"\/es\/wp-json\/wp\/v2\/pages\/1543\" \/><input type=\"hidden\" name=\"form_id\" value=\"19\"><input type=\"hidden\" name=\"page_id\" value=\"1543\"><input type=\"hidden\" name=\"form_type\" value=\"default\"><input type=\"hidden\" name=\"current_url\" value=\"https:\/\/www.terrasun-sports.com\/es\/wp-json\/wp\/v2\/pages\/1543\/\"><input type=\"hidden\" name=\"render_id\" value=\"0\"><input type=\"hidden\" name=\"action\" value=\"forminator_submit_form_custom-forms\"><\/form>\n\t\t<\/div>\n\t\t\t<\/div>\n\n\t\n<\/div>\n\t\t<\/div>\n\n\t\t\n<style>\n#section_389117585 {\n  padding-top: 30px;\n  padding-bottom: 30px;\n  background-color: rgb(216, 50, 45);\n}\n<\/style>\n\t<\/section>\n\t\n","protected":false},"excerpt":{"rendered":"","protected":false},"author":1,"featured_media":0,"parent":29,"menu_order":0,"comment_status":"closed","ping_status":"closed","template":"","meta":[],"_links":{"self":[{"href":"https:\/\/www.terrasun-sports.com\/es\/wp-json\/wp\/v2\/pages\/1543"}],"collection":[{"href":"https:\/\/www.terrasun-sports.com\/es\/wp-json\/wp\/v2\/pages"}],"about":[{"href":"https:\/\/www.terrasun-sports.com\/es\/wp-json\/wp\/v2\/types\/page"}],"author":[{"embeddable":true,"href":"https:\/\/www.terrasun-sports.com\/es\/wp-json\/wp\/v2\/users\/1"}],"replies":[{"embeddable":true,"href":"https:\/\/www.terrasun-sports.com\/es\/wp-json\/wp\/v2\/comments?post=1543"}],"version-history":[{"count":34,"href":"https:\/\/www.terrasun-sports.com\/es\/wp-json\/wp\/v2\/pages\/1543\/revisions"}],"predecessor-version":[{"id":2723,"href":"https:\/\/www.terrasun-sports.com\/es\/wp-json\/wp\/v2\/pages\/1543\/revisions\/2723"}],"up":[{"embeddable":true,"href":"https:\/\/www.terrasun-sports.com\/es\/wp-json\/wp\/v2\/pages\/29"}],"wp:attachment":[{"href":"https:\/\/www.terrasun-sports.com\/es\/wp-json\/wp\/v2\/media?parent=1543"}],"curies":[{"name":"wp","href":"https:\/\/api.w.org\/{rel}","templated":true}]}}